{"id":86929,"date":"2024-06-17T14:18:00","date_gmt":"2024-06-17T14:18:00","guid":{"rendered":"https:\/\/agualusaartes.pt\/product\/large-scented-plaster-heart\/"},"modified":"2024-06-17T14:18:00","modified_gmt":"2024-06-17T14:18:00","slug":"large-scented-plaster-heart","status":"publish","type":"product","link":"https:\/\/agualusaartes.pt\/en\/product\/large-scented-plaster-heart\/","title":{"rendered":"Large Scented Plaster Heart"},"content":{"rendered":"<p>Filigree heart in scented plaster, with various essence options. Ideal for use as an air freshener and as a decorative piece.<\/p>\n<p>The heart itself is already scented, but the essence lasts approximately six months in the piece and can be recharged later. Exposure to heat changes its color and the average duration of the essence. <\/p>\n<p>Each heart comes with a 3ml bottle of essence for later refilling. Simply place a few drops of the essence on the back of the heart and it will be absorbed by the plaster.<\/p>\n<p>Hearts can be acquired in two ways:<\/p>\n<ul>\n<li>with 3ml essence and packed in a TNT bag<\/li>\n<li>with 3ml essence and wooden box<\/li>\n<\/ul>\n<p>Measurements:<\/p>\n<p>Large heart &#8211; 9cm<\/p>\n<p>Large heart box &#8211; 11.5x6x9cm<\/p>\n<p>Note: As this is a completely handmade item, each piece is unique and the one you receive may have slight differences in color from the one you see in the photographs, as well as different ribbon colors.<\/p>\n<p>&nbsp;<\/p>\n","protected":false},"excerpt":{"rendered":"<p>Filigree heart in scented plaster, with various essence options.<\/p>\n","protected":false},"featured_media":39820,"template":"","meta":{"_joinchat":[]},"product_brand":[],"product_cat":[548],"product_tag":[],"class_list":{"0":"post-86929","1":"product","2":"type-product","3":"status-publish","4":"has-post-thumbnail","6":"product_cat-scented-plaster","8":"first","9":"instock","10":"taxable","11":"shipping-taxable","12":"product-type-variable"},"yoast_head":"<!-- This site is optimized with the Yoast SEO plugin v26.3 - https:\/\/yoast.com\/wordpress\/plugins\/seo\/ -->\n<title>Large Scented Plaster Heart - \u00c1gua Lusa - Artes de Alcoba\u00e7a<\/title>\n<meta name=\"robots\" content=\"index, follow, max-snippet:-1, max-image-preview:large, max-video-preview:-1\" \/>\n<link rel=\"canonical\" href=\"https:\/\/agualusaartes.pt\/en\/product\/large-scented-plaster-heart\/\" \/>\n<meta property=\"og:locale\" content=\"en_US\" \/>\n<meta property=\"og:type\" content=\"article\" \/>\n<meta property=\"og:title\" content=\"Large Scented Plaster Heart - \u00c1gua Lusa - Artes de Alcoba\u00e7a\" \/>\n<meta property=\"og:description\" content=\"Filigree heart in scented plaster, with various essence options.\" \/>\n<meta property=\"og:url\" content=\"https:\/\/agualusaartes.pt\/en\/product\/large-scented-plaster-heart\/\" \/>\n<meta property=\"og:site_name\" content=\"\u00c1gua Lusa - Artes de Alcoba\u00e7a\" \/>\n<meta property=\"article:publisher\" content=\"https:\/\/www.facebook.com\/agualusaartes\" \/>\n<meta property=\"og:image\" content=\"https:\/\/agualusaartes.pt\/wp-content\/uploads\/2024\/06\/grande_na_caixa1-1.jpg\" \/>\n\t<meta property=\"og:image:width\" content=\"540\" \/>\n\t<meta property=\"og:image:height\" content=\"540\" \/>\n\t<meta property=\"og:image:type\" content=\"image\/jpeg\" \/>\n<meta name=\"twitter:card\" content=\"summary_large_image\" \/>\n<meta name=\"twitter:label1\" content=\"Est. reading time\" \/>\n\t<meta name=\"twitter:data1\" content=\"1 minute\" \/>\n<script type=\"application\/ld+json\" class=\"yoast-schema-graph\">{\"@context\":\"https:\/\/schema.org\",\"@graph\":[{\"@type\":\"WebPage\",\"@id\":\"https:\/\/agualusaartes.pt\/en\/product\/large-scented-plaster-heart\/\",\"url\":\"https:\/\/agualusaartes.pt\/en\/product\/large-scented-plaster-heart\/\",\"name\":\"Large Scented Plaster Heart - \u00c1gua Lusa - Artes de Alcoba\u00e7a\",\"isPartOf\":{\"@id\":\"https:\/\/agualusaartes.pt\/en\/#website\"},\"primaryImageOfPage\":{\"@id\":\"https:\/\/agualusaartes.pt\/en\/product\/large-scented-plaster-heart\/#primaryimage\"},\"image\":{\"@id\":\"https:\/\/agualusaartes.pt\/en\/product\/large-scented-plaster-heart\/#primaryimage\"},\"thumbnailUrl\":\"https:\/\/agualusaartes.pt\/wp-content\/uploads\/2024\/06\/grande_na_caixa1-1.jpg\",\"datePublished\":\"2024-06-17T14:18:00+00:00\",\"breadcrumb\":{\"@id\":\"https:\/\/agualusaartes.pt\/en\/product\/large-scented-plaster-heart\/#breadcrumb\"},\"inLanguage\":\"en-US\",\"potentialAction\":[{\"@type\":\"ReadAction\",\"target\":[\"https:\/\/agualusaartes.pt\/en\/product\/large-scented-plaster-heart\/\"]}]},{\"@type\":\"ImageObject\",\"inLanguage\":\"en-US\",\"@id\":\"https:\/\/agualusaartes.pt\/en\/product\/large-scented-plaster-heart\/#primaryimage\",\"url\":\"https:\/\/agualusaartes.pt\/wp-content\/uploads\/2024\/06\/grande_na_caixa1-1.jpg\",\"contentUrl\":\"https:\/\/agualusaartes.pt\/wp-content\/uploads\/2024\/06\/grande_na_caixa1-1.jpg\",\"width\":540,\"height\":540},{\"@type\":\"BreadcrumbList\",\"@id\":\"https:\/\/agualusaartes.pt\/en\/product\/large-scented-plaster-heart\/#breadcrumb\",\"itemListElement\":[{\"@type\":\"ListItem\",\"position\":1,\"name\":\"In\u00edcio\",\"item\":\"https:\/\/agualusaartes.pt\/en\/\"},{\"@type\":\"ListItem\",\"position\":2,\"name\":\"Store\",\"item\":\"https:\/\/agualusaartes.pt\/en\/shop\/\"},{\"@type\":\"ListItem\",\"position\":3,\"name\":\"Large Scented Plaster Heart\"}]},{\"@type\":\"WebSite\",\"@id\":\"https:\/\/agualusaartes.pt\/en\/#website\",\"url\":\"https:\/\/agualusaartes.pt\/en\/\",\"name\":\"\u00c1gua Lusa - Artes de Alcoba\u00e7a\",\"description\":\"\u00c1gua Lusa \u2013 Artes de Alcoba\u00e7a oferece artesanato portugu\u00eas aut\u00eantico, incluindo bolsas, bijuterias e cer\u00e2micas Bordallo Pinheiro. Descubra a tradi\u00e7\u00e3o de Portugal com pe\u00e7as \u00fanicas e feitas \u00e0 m\u00e3o.\",\"publisher\":{\"@id\":\"https:\/\/agualusaartes.pt\/en\/#organization\"},\"alternateName\":\"\u00c1gua Lusa - Artes de Alcoba\u00e7a\",\"potentialAction\":[{\"@type\":\"SearchAction\",\"target\":{\"@type\":\"EntryPoint\",\"urlTemplate\":\"https:\/\/agualusaartes.pt\/en\/?s={search_term_string}\"},\"query-input\":{\"@type\":\"PropertyValueSpecification\",\"valueRequired\":true,\"valueName\":\"search_term_string\"}}],\"inLanguage\":\"en-US\"},{\"@type\":\"Organization\",\"@id\":\"https:\/\/agualusaartes.pt\/en\/#organization\",\"name\":\"\u00c1gua Lusa - Artes de Alcoba\u00e7a\",\"alternateName\":\"\u00c1gua Lusa - Artes de Alcoba\u00e7a\",\"url\":\"https:\/\/agualusaartes.pt\/en\/\",\"logo\":{\"@type\":\"ImageObject\",\"inLanguage\":\"en-US\",\"@id\":\"https:\/\/agualusaartes.pt\/en\/#\/schema\/logo\/image\/\",\"url\":\"https:\/\/agualusaartes.pt\/wp-content\/uploads\/2024\/05\/Webp.net-resizeimage.png\",\"contentUrl\":\"https:\/\/agualusaartes.pt\/wp-content\/uploads\/2024\/05\/Webp.net-resizeimage.png\",\"width\":300,\"height\":135,\"caption\":\"\u00c1gua Lusa - Artes de Alcoba\u00e7a\"},\"image\":{\"@id\":\"https:\/\/agualusaartes.pt\/en\/#\/schema\/logo\/image\/\"},\"sameAs\":[\"https:\/\/www.facebook.com\/agualusaartes\",\"https:\/\/www.instagram.com\/agualusaartes\/\"]}]}<\/script>\n<!-- \/ Yoast SEO plugin. -->","yoast_head_json":{"title":"Large Scented Plaster Heart - \u00c1gua Lusa - Artes de Alcoba\u00e7a","robots":{"index":"index","follow":"follow","max-snippet":"max-snippet:-1","max-image-preview":"max-image-preview:large","max-video-preview":"max-video-preview:-1"},"canonical":"https:\/\/agualusaartes.pt\/en\/product\/large-scented-plaster-heart\/","og_locale":"en_US","og_type":"article","og_title":"Large Scented Plaster Heart - \u00c1gua Lusa - Artes de Alcoba\u00e7a","og_description":"Filigree heart in scented plaster, with various essence options.","og_url":"https:\/\/agualusaartes.pt\/en\/product\/large-scented-plaster-heart\/","og_site_name":"\u00c1gua Lusa - Artes de Alcoba\u00e7a","article_publisher":"https:\/\/www.facebook.com\/agualusaartes","og_image":[{"width":540,"height":540,"url":"https:\/\/agualusaartes.pt\/wp-content\/uploads\/2024\/06\/grande_na_caixa1-1.jpg","type":"image\/jpeg"}],"twitter_card":"summary_large_image","twitter_misc":{"Est. reading time":"1 minute"},"schema":{"@context":"https:\/\/schema.org","@graph":[{"@type":"WebPage","@id":"https:\/\/agualusaartes.pt\/en\/product\/large-scented-plaster-heart\/","url":"https:\/\/agualusaartes.pt\/en\/product\/large-scented-plaster-heart\/","name":"Large Scented Plaster Heart - \u00c1gua Lusa - Artes de Alcoba\u00e7a","isPartOf":{"@id":"https:\/\/agualusaartes.pt\/en\/#website"},"primaryImageOfPage":{"@id":"https:\/\/agualusaartes.pt\/en\/product\/large-scented-plaster-heart\/#primaryimage"},"image":{"@id":"https:\/\/agualusaartes.pt\/en\/product\/large-scented-plaster-heart\/#primaryimage"},"thumbnailUrl":"https:\/\/agualusaartes.pt\/wp-content\/uploads\/2024\/06\/grande_na_caixa1-1.jpg","datePublished":"2024-06-17T14:18:00+00:00","breadcrumb":{"@id":"https:\/\/agualusaartes.pt\/en\/product\/large-scented-plaster-heart\/#breadcrumb"},"inLanguage":"en-US","potentialAction":[{"@type":"ReadAction","target":["https:\/\/agualusaartes.pt\/en\/product\/large-scented-plaster-heart\/"]}]},{"@type":"ImageObject","inLanguage":"en-US","@id":"https:\/\/agualusaartes.pt\/en\/product\/large-scented-plaster-heart\/#primaryimage","url":"https:\/\/agualusaartes.pt\/wp-content\/uploads\/2024\/06\/grande_na_caixa1-1.jpg","contentUrl":"https:\/\/agualusaartes.pt\/wp-content\/uploads\/2024\/06\/grande_na_caixa1-1.jpg","width":540,"height":540},{"@type":"BreadcrumbList","@id":"https:\/\/agualusaartes.pt\/en\/product\/large-scented-plaster-heart\/#breadcrumb","itemListElement":[{"@type":"ListItem","position":1,"name":"In\u00edcio","item":"https:\/\/agualusaartes.pt\/en\/"},{"@type":"ListItem","position":2,"name":"Store","item":"https:\/\/agualusaartes.pt\/en\/shop\/"},{"@type":"ListItem","position":3,"name":"Large Scented Plaster Heart"}]},{"@type":"WebSite","@id":"https:\/\/agualusaartes.pt\/en\/#website","url":"https:\/\/agualusaartes.pt\/en\/","name":"\u00c1gua Lusa - Artes de Alcoba\u00e7a","description":"\u00c1gua Lusa \u2013 Artes de Alcoba\u00e7a oferece artesanato portugu\u00eas aut\u00eantico, incluindo bolsas, bijuterias e cer\u00e2micas Bordallo Pinheiro. Descubra a tradi\u00e7\u00e3o de Portugal com pe\u00e7as \u00fanicas e feitas \u00e0 m\u00e3o.","publisher":{"@id":"https:\/\/agualusaartes.pt\/en\/#organization"},"alternateName":"\u00c1gua Lusa - Artes de Alcoba\u00e7a","potentialAction":[{"@type":"SearchAction","target":{"@type":"EntryPoint","urlTemplate":"https:\/\/agualusaartes.pt\/en\/?s={search_term_string}"},"query-input":{"@type":"PropertyValueSpecification","valueRequired":true,"valueName":"search_term_string"}}],"inLanguage":"en-US"},{"@type":"Organization","@id":"https:\/\/agualusaartes.pt\/en\/#organization","name":"\u00c1gua Lusa - Artes de Alcoba\u00e7a","alternateName":"\u00c1gua Lusa - Artes de Alcoba\u00e7a","url":"https:\/\/agualusaartes.pt\/en\/","logo":{"@type":"ImageObject","inLanguage":"en-US","@id":"https:\/\/agualusaartes.pt\/en\/#\/schema\/logo\/image\/","url":"https:\/\/agualusaartes.pt\/wp-content\/uploads\/2024\/05\/Webp.net-resizeimage.png","contentUrl":"https:\/\/agualusaartes.pt\/wp-content\/uploads\/2024\/05\/Webp.net-resizeimage.png","width":300,"height":135,"caption":"\u00c1gua Lusa - Artes de Alcoba\u00e7a"},"image":{"@id":"https:\/\/agualusaartes.pt\/en\/#\/schema\/logo\/image\/"},"sameAs":["https:\/\/www.facebook.com\/agualusaartes","https:\/\/www.instagram.com\/agualusaartes\/"]}]}},"_links":{"self":[{"href":"https:\/\/agualusaartes.pt\/en\/wp-json\/wp\/v2\/product\/86929","targetHints":{"allow":["GET"]}}],"collection":[{"href":"https:\/\/agualusaartes.pt\/en\/wp-json\/wp\/v2\/product"}],"about":[{"href":"https:\/\/agualusaartes.pt\/en\/wp-json\/wp\/v2\/types\/product"}],"wp:featuredmedia":[{"embeddable":true,"href":"https:\/\/agualusaartes.pt\/en\/wp-json\/wp\/v2\/media\/39820"}],"wp:attachment":[{"href":"https:\/\/agualusaartes.pt\/en\/wp-json\/wp\/v2\/media?parent=86929"}],"wp:term":[{"taxonomy":"product_brand","embeddable":true,"href":"https:\/\/agualusaartes.pt\/en\/wp-json\/wp\/v2\/product_brand?post=86929"},{"taxonomy":"product_cat","embeddable":true,"href":"https:\/\/agualusaartes.pt\/en\/wp-json\/wp\/v2\/product_cat?post=86929"},{"taxonomy":"product_tag","embeddable":true,"href":"https:\/\/agualusaartes.pt\/en\/wp-json\/wp\/v2\/product_tag?post=86929"}],"curies":[{"name":"wp","href":"https:\/\/api.w.org\/{rel}","templated":true}]}}