{"id":86612,"date":"2024-06-17T14:55:26","date_gmt":"2024-06-17T14:55:26","guid":{"rendered":"https:\/\/agualusaartes.pt\/product\/sardine-amalia-forever-1920-2020-bordallo-pinheiro\/"},"modified":"2026-02-26T11:10:08","modified_gmt":"2026-02-26T11:10:08","slug":"sardine-amalia-forever-1920-2020-bordallo-pinheiro","status":"publish","type":"product","link":"https:\/\/agualusaartes.pt\/en\/product\/sardine-amalia-forever-1920-2020-bordallo-pinheiro\/","title":{"rendered":"Sardine \u201cAm\u00e1lia Forever (1920-2020)\u201d Bordallo Pinheiro"},"content":{"rendered":"<p>What matters is feeling fado. Because fado isn&#8217;t sung, it happens. Fado is felt, not understood or explained. 2020 marks the centenary of the birth of the greatest figure in Portuguese fado, and one of the greatest voices the world has ever known. And what a voice! Happy birthday, Am\u00e1lia!<\/p>\n<p>Each sardine comes in individual packaging designed to look like newspaper, which also contains a list of the complete collection and a short history of each of the sardines in the collection.<\/p>\n<p>Dimensions: 3.5 x 18.5 x 3.5 cm<\/p>\n<p>Note: Bordallo Pinheiro products are only sold online for delivery within the national territory.<\/p>\n","protected":false},"excerpt":{"rendered":"<p>Sardine \u201cAm\u00e1lia Forever (1920-2020)\u201d Bordallo Pinheiro<\/p>\n","protected":false},"featured_media":41575,"template":"","meta":{"_joinchat":[]},"product_brand":[],"product_cat":[453],"product_tag":[],"class_list":{"0":"post-86612","1":"product","2":"type-product","3":"status-publish","4":"has-post-thumbnail","6":"product_cat-sardines","8":"first","9":"outofstock","10":"taxable","11":"shipping-taxable","12":"product-type-simple"},"yoast_head":"<!-- This site is optimized with the Yoast SEO plugin v26.3 - https:\/\/yoast.com\/wordpress\/plugins\/seo\/ -->\n<title>Sardine \u201cAm\u00e1lia Forever (1920-2020)\u201d Bordallo Pinheiro - \u00c1gua Lusa - Artes de Alcoba\u00e7a<\/title>\n<meta name=\"robots\" content=\"index, follow, max-snippet:-1, max-image-preview:large, max-video-preview:-1\" \/>\n<link rel=\"canonical\" href=\"https:\/\/agualusaartes.pt\/en\/product\/sardine-amalia-forever-1920-2020-bordallo-pinheiro\/\" \/>\n<meta property=\"og:locale\" content=\"en_US\" \/>\n<meta property=\"og:type\" content=\"article\" \/>\n<meta property=\"og:title\" content=\"Sardine \u201cAm\u00e1lia Forever (1920-2020)\u201d Bordallo Pinheiro - \u00c1gua Lusa - Artes de Alcoba\u00e7a\" \/>\n<meta property=\"og:description\" content=\"Sardine \u201cAm\u00e1lia Forever (1920-2020)\u201d Bordallo Pinheiro\" \/>\n<meta property=\"og:url\" content=\"https:\/\/agualusaartes.pt\/en\/product\/sardine-amalia-forever-1920-2020-bordallo-pinheiro\/\" \/>\n<meta property=\"og:site_name\" content=\"\u00c1gua Lusa - Artes de Alcoba\u00e7a\" \/>\n<meta property=\"article:publisher\" content=\"https:\/\/www.facebook.com\/agualusaartes\" \/>\n<meta property=\"article:modified_time\" content=\"2026-02-26T11:10:08+00:00\" \/>\n<meta property=\"og:image\" content=\"https:\/\/agualusaartes.pt\/wp-content\/uploads\/2024\/06\/am_lia_sempre.jpeg\" \/>\n\t<meta property=\"og:image:width\" content=\"405\" \/>\n\t<meta property=\"og:image:height\" content=\"540\" \/>\n\t<meta property=\"og:image:type\" content=\"image\/jpeg\" \/>\n<meta name=\"twitter:card\" content=\"summary_large_image\" \/>\n<meta name=\"twitter:label1\" content=\"Est. reading time\" \/>\n\t<meta name=\"twitter:data1\" content=\"1 minute\" \/>\n<script type=\"application\/ld+json\" class=\"yoast-schema-graph\">{\"@context\":\"https:\/\/schema.org\",\"@graph\":[{\"@type\":\"WebPage\",\"@id\":\"https:\/\/agualusaartes.pt\/en\/product\/sardine-amalia-forever-1920-2020-bordallo-pinheiro\/\",\"url\":\"https:\/\/agualusaartes.pt\/en\/product\/sardine-amalia-forever-1920-2020-bordallo-pinheiro\/\",\"name\":\"Sardine \u201cAm\u00e1lia Forever (1920-2020)\u201d Bordallo Pinheiro - \u00c1gua Lusa - Artes de Alcoba\u00e7a\",\"isPartOf\":{\"@id\":\"https:\/\/agualusaartes.pt\/en\/#website\"},\"primaryImageOfPage\":{\"@id\":\"https:\/\/agualusaartes.pt\/en\/product\/sardine-amalia-forever-1920-2020-bordallo-pinheiro\/#primaryimage\"},\"image\":{\"@id\":\"https:\/\/agualusaartes.pt\/en\/product\/sardine-amalia-forever-1920-2020-bordallo-pinheiro\/#primaryimage\"},\"thumbnailUrl\":\"https:\/\/agualusaartes.pt\/wp-content\/uploads\/2024\/06\/am_lia_sempre.jpeg\",\"datePublished\":\"2024-06-17T14:55:26+00:00\",\"dateModified\":\"2026-02-26T11:10:08+00:00\",\"breadcrumb\":{\"@id\":\"https:\/\/agualusaartes.pt\/en\/product\/sardine-amalia-forever-1920-2020-bordallo-pinheiro\/#breadcrumb\"},\"inLanguage\":\"en-US\",\"potentialAction\":[{\"@type\":\"ReadAction\",\"target\":[\"https:\/\/agualusaartes.pt\/en\/product\/sardine-amalia-forever-1920-2020-bordallo-pinheiro\/\"]}]},{\"@type\":\"ImageObject\",\"inLanguage\":\"en-US\",\"@id\":\"https:\/\/agualusaartes.pt\/en\/product\/sardine-amalia-forever-1920-2020-bordallo-pinheiro\/#primaryimage\",\"url\":\"https:\/\/agualusaartes.pt\/wp-content\/uploads\/2024\/06\/am_lia_sempre.jpeg\",\"contentUrl\":\"https:\/\/agualusaartes.pt\/wp-content\/uploads\/2024\/06\/am_lia_sempre.jpeg\",\"width\":405,\"height\":540},{\"@type\":\"BreadcrumbList\",\"@id\":\"https:\/\/agualusaartes.pt\/en\/product\/sardine-amalia-forever-1920-2020-bordallo-pinheiro\/#breadcrumb\",\"itemListElement\":[{\"@type\":\"ListItem\",\"position\":1,\"name\":\"In\u00edcio\",\"item\":\"https:\/\/agualusaartes.pt\/en\/\"},{\"@type\":\"ListItem\",\"position\":2,\"name\":\"Store\",\"item\":\"https:\/\/agualusaartes.pt\/en\/shop\/\"},{\"@type\":\"ListItem\",\"position\":3,\"name\":\"Sardine \u201cAm\u00e1lia Forever (1920-2020)\u201d Bordallo Pinheiro\"}]},{\"@type\":\"WebSite\",\"@id\":\"https:\/\/agualusaartes.pt\/en\/#website\",\"url\":\"https:\/\/agualusaartes.pt\/en\/\",\"name\":\"\u00c1gua Lusa - Artes de Alcoba\u00e7a\",\"description\":\"\u00c1gua Lusa \u2013 Artes de Alcoba\u00e7a oferece artesanato portugu\u00eas aut\u00eantico, incluindo bolsas, bijuterias e cer\u00e2micas Bordallo Pinheiro. Descubra a tradi\u00e7\u00e3o de Portugal com pe\u00e7as \u00fanicas e feitas \u00e0 m\u00e3o.\",\"publisher\":{\"@id\":\"https:\/\/agualusaartes.pt\/en\/#organization\"},\"alternateName\":\"\u00c1gua Lusa - Artes de Alcoba\u00e7a\",\"potentialAction\":[{\"@type\":\"SearchAction\",\"target\":{\"@type\":\"EntryPoint\",\"urlTemplate\":\"https:\/\/agualusaartes.pt\/en\/?s={search_term_string}\"},\"query-input\":{\"@type\":\"PropertyValueSpecification\",\"valueRequired\":true,\"valueName\":\"search_term_string\"}}],\"inLanguage\":\"en-US\"},{\"@type\":\"Organization\",\"@id\":\"https:\/\/agualusaartes.pt\/en\/#organization\",\"name\":\"\u00c1gua Lusa - Artes de Alcoba\u00e7a\",\"alternateName\":\"\u00c1gua Lusa - Artes de Alcoba\u00e7a\",\"url\":\"https:\/\/agualusaartes.pt\/en\/\",\"logo\":{\"@type\":\"ImageObject\",\"inLanguage\":\"en-US\",\"@id\":\"https:\/\/agualusaartes.pt\/en\/#\/schema\/logo\/image\/\",\"url\":\"https:\/\/agualusaartes.pt\/wp-content\/uploads\/2024\/05\/Webp.net-resizeimage.png\",\"contentUrl\":\"https:\/\/agualusaartes.pt\/wp-content\/uploads\/2024\/05\/Webp.net-resizeimage.png\",\"width\":300,\"height\":135,\"caption\":\"\u00c1gua Lusa - Artes de Alcoba\u00e7a\"},\"image\":{\"@id\":\"https:\/\/agualusaartes.pt\/en\/#\/schema\/logo\/image\/\"},\"sameAs\":[\"https:\/\/www.facebook.com\/agualusaartes\",\"https:\/\/www.instagram.com\/agualusaartes\/\"]}]}<\/script>\n<!-- \/ Yoast SEO plugin. -->","yoast_head_json":{"title":"Sardine \u201cAm\u00e1lia Forever (1920-2020)\u201d Bordallo Pinheiro - \u00c1gua Lusa - Artes de Alcoba\u00e7a","robots":{"index":"index","follow":"follow","max-snippet":"max-snippet:-1","max-image-preview":"max-image-preview:large","max-video-preview":"max-video-preview:-1"},"canonical":"https:\/\/agualusaartes.pt\/en\/product\/sardine-amalia-forever-1920-2020-bordallo-pinheiro\/","og_locale":"en_US","og_type":"article","og_title":"Sardine \u201cAm\u00e1lia Forever (1920-2020)\u201d Bordallo Pinheiro - \u00c1gua Lusa - Artes de Alcoba\u00e7a","og_description":"Sardine \u201cAm\u00e1lia Forever (1920-2020)\u201d Bordallo Pinheiro","og_url":"https:\/\/agualusaartes.pt\/en\/product\/sardine-amalia-forever-1920-2020-bordallo-pinheiro\/","og_site_name":"\u00c1gua Lusa - Artes de Alcoba\u00e7a","article_publisher":"https:\/\/www.facebook.com\/agualusaartes","article_modified_time":"2026-02-26T11:10:08+00:00","og_image":[{"width":405,"height":540,"url":"https:\/\/agualusaartes.pt\/wp-content\/uploads\/2024\/06\/am_lia_sempre.jpeg","type":"image\/jpeg"}],"twitter_card":"summary_large_image","twitter_misc":{"Est. reading time":"1 minute"},"schema":{"@context":"https:\/\/schema.org","@graph":[{"@type":"WebPage","@id":"https:\/\/agualusaartes.pt\/en\/product\/sardine-amalia-forever-1920-2020-bordallo-pinheiro\/","url":"https:\/\/agualusaartes.pt\/en\/product\/sardine-amalia-forever-1920-2020-bordallo-pinheiro\/","name":"Sardine \u201cAm\u00e1lia Forever (1920-2020)\u201d Bordallo Pinheiro - \u00c1gua Lusa - Artes de Alcoba\u00e7a","isPartOf":{"@id":"https:\/\/agualusaartes.pt\/en\/#website"},"primaryImageOfPage":{"@id":"https:\/\/agualusaartes.pt\/en\/product\/sardine-amalia-forever-1920-2020-bordallo-pinheiro\/#primaryimage"},"image":{"@id":"https:\/\/agualusaartes.pt\/en\/product\/sardine-amalia-forever-1920-2020-bordallo-pinheiro\/#primaryimage"},"thumbnailUrl":"https:\/\/agualusaartes.pt\/wp-content\/uploads\/2024\/06\/am_lia_sempre.jpeg","datePublished":"2024-06-17T14:55:26+00:00","dateModified":"2026-02-26T11:10:08+00:00","breadcrumb":{"@id":"https:\/\/agualusaartes.pt\/en\/product\/sardine-amalia-forever-1920-2020-bordallo-pinheiro\/#breadcrumb"},"inLanguage":"en-US","potentialAction":[{"@type":"ReadAction","target":["https:\/\/agualusaartes.pt\/en\/product\/sardine-amalia-forever-1920-2020-bordallo-pinheiro\/"]}]},{"@type":"ImageObject","inLanguage":"en-US","@id":"https:\/\/agualusaartes.pt\/en\/product\/sardine-amalia-forever-1920-2020-bordallo-pinheiro\/#primaryimage","url":"https:\/\/agualusaartes.pt\/wp-content\/uploads\/2024\/06\/am_lia_sempre.jpeg","contentUrl":"https:\/\/agualusaartes.pt\/wp-content\/uploads\/2024\/06\/am_lia_sempre.jpeg","width":405,"height":540},{"@type":"BreadcrumbList","@id":"https:\/\/agualusaartes.pt\/en\/product\/sardine-amalia-forever-1920-2020-bordallo-pinheiro\/#breadcrumb","itemListElement":[{"@type":"ListItem","position":1,"name":"In\u00edcio","item":"https:\/\/agualusaartes.pt\/en\/"},{"@type":"ListItem","position":2,"name":"Store","item":"https:\/\/agualusaartes.pt\/en\/shop\/"},{"@type":"ListItem","position":3,"name":"Sardine \u201cAm\u00e1lia Forever (1920-2020)\u201d Bordallo Pinheiro"}]},{"@type":"WebSite","@id":"https:\/\/agualusaartes.pt\/en\/#website","url":"https:\/\/agualusaartes.pt\/en\/","name":"\u00c1gua Lusa - Artes de Alcoba\u00e7a","description":"\u00c1gua Lusa \u2013 Artes de Alcoba\u00e7a oferece artesanato portugu\u00eas aut\u00eantico, incluindo bolsas, bijuterias e cer\u00e2micas Bordallo Pinheiro. Descubra a tradi\u00e7\u00e3o de Portugal com pe\u00e7as \u00fanicas e feitas \u00e0 m\u00e3o.","publisher":{"@id":"https:\/\/agualusaartes.pt\/en\/#organization"},"alternateName":"\u00c1gua Lusa - Artes de Alcoba\u00e7a","potentialAction":[{"@type":"SearchAction","target":{"@type":"EntryPoint","urlTemplate":"https:\/\/agualusaartes.pt\/en\/?s={search_term_string}"},"query-input":{"@type":"PropertyValueSpecification","valueRequired":true,"valueName":"search_term_string"}}],"inLanguage":"en-US"},{"@type":"Organization","@id":"https:\/\/agualusaartes.pt\/en\/#organization","name":"\u00c1gua Lusa - Artes de Alcoba\u00e7a","alternateName":"\u00c1gua Lusa - Artes de Alcoba\u00e7a","url":"https:\/\/agualusaartes.pt\/en\/","logo":{"@type":"ImageObject","inLanguage":"en-US","@id":"https:\/\/agualusaartes.pt\/en\/#\/schema\/logo\/image\/","url":"https:\/\/agualusaartes.pt\/wp-content\/uploads\/2024\/05\/Webp.net-resizeimage.png","contentUrl":"https:\/\/agualusaartes.pt\/wp-content\/uploads\/2024\/05\/Webp.net-resizeimage.png","width":300,"height":135,"caption":"\u00c1gua Lusa - Artes de Alcoba\u00e7a"},"image":{"@id":"https:\/\/agualusaartes.pt\/en\/#\/schema\/logo\/image\/"},"sameAs":["https:\/\/www.facebook.com\/agualusaartes","https:\/\/www.instagram.com\/agualusaartes\/"]}]}},"_links":{"self":[{"href":"https:\/\/agualusaartes.pt\/en\/wp-json\/wp\/v2\/product\/86612","targetHints":{"allow":["GET"]}}],"collection":[{"href":"https:\/\/agualusaartes.pt\/en\/wp-json\/wp\/v2\/product"}],"about":[{"href":"https:\/\/agualusaartes.pt\/en\/wp-json\/wp\/v2\/types\/product"}],"wp:featuredmedia":[{"embeddable":true,"href":"https:\/\/agualusaartes.pt\/en\/wp-json\/wp\/v2\/media\/41575"}],"wp:attachment":[{"href":"https:\/\/agualusaartes.pt\/en\/wp-json\/wp\/v2\/media?parent=86612"}],"wp:term":[{"taxonomy":"product_brand","embeddable":true,"href":"https:\/\/agualusaartes.pt\/en\/wp-json\/wp\/v2\/product_brand?post=86612"},{"taxonomy":"product_cat","embeddable":true,"href":"https:\/\/agualusaartes.pt\/en\/wp-json\/wp\/v2\/product_cat?post=86612"},{"taxonomy":"product_tag","embeddable":true,"href":"https:\/\/agualusaartes.pt\/en\/wp-json\/wp\/v2\/product_tag?post=86612"}],"curies":[{"name":"wp","href":"https:\/\/api.w.org\/{rel}","templated":true}]}}