{"id":84876,"date":"2024-06-18T10:35:37","date_gmt":"2024-06-18T10:35:37","guid":{"rendered":"https:\/\/agualusaartes.pt\/product\/iberian-imperial-eagle-socks\/"},"modified":"2024-06-18T10:35:37","modified_gmt":"2024-06-18T10:35:37","slug":"iberian-imperial-eagle-socks","status":"publish","type":"product","link":"https:\/\/agualusaartes.pt\/en\/product\/iberian-imperial-eagle-socks\/","title":{"rendered":"Iberian Imperial Eagle Socks"},"content":{"rendered":"<p>Socks with a pattern inspired by the Iberian imperial eagle, seeking to raise awareness of the fantastic fauna that inhabits our country (Portugal and the rest of the Iberian Peninsula) and highlighting the fact that this species is protected and on the verge of extinction.<\/p>\n<p>The Iberian imperial eagle is an eagle species endemic to the southwestern Iberian Peninsula and northern Morocco. Until recently, it was considered a subspecies of the eastern imperial eagle (Aquila heliaca), but DNA studies of both birds have shown that they are sufficiently separated for each to constitute a valid species. The Iberian imperial eagle is currently endangered.  <\/p>\n<p>These socks are made in Portugal and are seamless for greater comfort.<\/p>\n<p>Composition: 80% combed cotton; 17% Polyamide; 3% Elastane<\/p>\n","protected":false},"excerpt":{"rendered":"<p>Socks with a pattern inspired by the Iberian imperial eagle, seeking to raise awareness of the fantastic fauna that inhabits our country (Portugal and the rest of the Iberian Peninsula).<\/p>\n","protected":false},"featured_media":58593,"template":"","meta":{"_joinchat":[]},"product_brand":[],"product_cat":[462],"product_tag":[],"class_list":{"0":"post-84876","1":"product","2":"type-product","3":"status-publish","4":"has-post-thumbnail","6":"product_cat-socks","8":"first","9":"instock","10":"taxable","11":"shipping-taxable","12":"product-type-variable"},"yoast_head":"<!-- This site is optimized with the Yoast SEO plugin v26.3 - https:\/\/yoast.com\/wordpress\/plugins\/seo\/ -->\n<title>Iberian Imperial Eagle Socks - \u00c1gua Lusa - Artes de Alcoba\u00e7a<\/title>\n<meta name=\"robots\" content=\"index, follow, max-snippet:-1, max-image-preview:large, max-video-preview:-1\" \/>\n<link rel=\"canonical\" href=\"https:\/\/agualusaartes.pt\/en\/product\/iberian-imperial-eagle-socks\/\" \/>\n<meta property=\"og:locale\" content=\"en_US\" \/>\n<meta property=\"og:type\" content=\"article\" \/>\n<meta property=\"og:title\" content=\"Iberian Imperial Eagle Socks - \u00c1gua Lusa - Artes de Alcoba\u00e7a\" \/>\n<meta property=\"og:description\" content=\"Socks with a pattern inspired by the Iberian imperial eagle, seeking to raise awareness of the fantastic fauna that inhabits our country (Portugal and the rest of the Iberian Peninsula).\" \/>\n<meta property=\"og:url\" content=\"https:\/\/agualusaartes.pt\/en\/product\/iberian-imperial-eagle-socks\/\" \/>\n<meta property=\"og:site_name\" content=\"\u00c1gua Lusa - Artes de Alcoba\u00e7a\" \/>\n<meta property=\"article:publisher\" content=\"https:\/\/www.facebook.com\/agualusaartes\" \/>\n<meta property=\"og:image\" content=\"https:\/\/agualusaartes.pt\/wp-content\/uploads\/2024\/06\/aguia.jpg\" \/>\n\t<meta property=\"og:image:width\" content=\"540\" \/>\n\t<meta property=\"og:image:height\" content=\"540\" \/>\n\t<meta property=\"og:image:type\" content=\"image\/jpeg\" \/>\n<meta name=\"twitter:card\" content=\"summary_large_image\" \/>\n<meta name=\"twitter:label1\" content=\"Est. reading time\" \/>\n\t<meta name=\"twitter:data1\" content=\"1 minute\" \/>\n<script type=\"application\/ld+json\" class=\"yoast-schema-graph\">{\"@context\":\"https:\/\/schema.org\",\"@graph\":[{\"@type\":\"WebPage\",\"@id\":\"https:\/\/agualusaartes.pt\/en\/product\/iberian-imperial-eagle-socks\/\",\"url\":\"https:\/\/agualusaartes.pt\/en\/product\/iberian-imperial-eagle-socks\/\",\"name\":\"Iberian Imperial Eagle Socks - \u00c1gua Lusa - Artes de Alcoba\u00e7a\",\"isPartOf\":{\"@id\":\"https:\/\/agualusaartes.pt\/en\/#website\"},\"primaryImageOfPage\":{\"@id\":\"https:\/\/agualusaartes.pt\/en\/product\/iberian-imperial-eagle-socks\/#primaryimage\"},\"image\":{\"@id\":\"https:\/\/agualusaartes.pt\/en\/product\/iberian-imperial-eagle-socks\/#primaryimage\"},\"thumbnailUrl\":\"https:\/\/agualusaartes.pt\/wp-content\/uploads\/2024\/06\/aguia.jpg\",\"datePublished\":\"2024-06-18T10:35:37+00:00\",\"breadcrumb\":{\"@id\":\"https:\/\/agualusaartes.pt\/en\/product\/iberian-imperial-eagle-socks\/#breadcrumb\"},\"inLanguage\":\"en-US\",\"potentialAction\":[{\"@type\":\"ReadAction\",\"target\":[\"https:\/\/agualusaartes.pt\/en\/product\/iberian-imperial-eagle-socks\/\"]}]},{\"@type\":\"ImageObject\",\"inLanguage\":\"en-US\",\"@id\":\"https:\/\/agualusaartes.pt\/en\/product\/iberian-imperial-eagle-socks\/#primaryimage\",\"url\":\"https:\/\/agualusaartes.pt\/wp-content\/uploads\/2024\/06\/aguia.jpg\",\"contentUrl\":\"https:\/\/agualusaartes.pt\/wp-content\/uploads\/2024\/06\/aguia.jpg\",\"width\":540,\"height\":540},{\"@type\":\"BreadcrumbList\",\"@id\":\"https:\/\/agualusaartes.pt\/en\/product\/iberian-imperial-eagle-socks\/#breadcrumb\",\"itemListElement\":[{\"@type\":\"ListItem\",\"position\":1,\"name\":\"In\u00edcio\",\"item\":\"https:\/\/agualusaartes.pt\/en\/\"},{\"@type\":\"ListItem\",\"position\":2,\"name\":\"Store\",\"item\":\"https:\/\/agualusaartes.pt\/en\/shop\/\"},{\"@type\":\"ListItem\",\"position\":3,\"name\":\"Iberian Imperial Eagle Socks\"}]},{\"@type\":\"WebSite\",\"@id\":\"https:\/\/agualusaartes.pt\/en\/#website\",\"url\":\"https:\/\/agualusaartes.pt\/en\/\",\"name\":\"\u00c1gua Lusa - Artes de Alcoba\u00e7a\",\"description\":\"\u00c1gua Lusa \u2013 Artes de Alcoba\u00e7a oferece artesanato portugu\u00eas aut\u00eantico, incluindo bolsas, bijuterias e cer\u00e2micas Bordallo Pinheiro. Descubra a tradi\u00e7\u00e3o de Portugal com pe\u00e7as \u00fanicas e feitas \u00e0 m\u00e3o.\",\"publisher\":{\"@id\":\"https:\/\/agualusaartes.pt\/en\/#organization\"},\"alternateName\":\"\u00c1gua Lusa - Artes de Alcoba\u00e7a\",\"potentialAction\":[{\"@type\":\"SearchAction\",\"target\":{\"@type\":\"EntryPoint\",\"urlTemplate\":\"https:\/\/agualusaartes.pt\/en\/?s={search_term_string}\"},\"query-input\":{\"@type\":\"PropertyValueSpecification\",\"valueRequired\":true,\"valueName\":\"search_term_string\"}}],\"inLanguage\":\"en-US\"},{\"@type\":\"Organization\",\"@id\":\"https:\/\/agualusaartes.pt\/en\/#organization\",\"name\":\"\u00c1gua Lusa - Artes de Alcoba\u00e7a\",\"alternateName\":\"\u00c1gua Lusa - Artes de Alcoba\u00e7a\",\"url\":\"https:\/\/agualusaartes.pt\/en\/\",\"logo\":{\"@type\":\"ImageObject\",\"inLanguage\":\"en-US\",\"@id\":\"https:\/\/agualusaartes.pt\/en\/#\/schema\/logo\/image\/\",\"url\":\"https:\/\/agualusaartes.pt\/wp-content\/uploads\/2024\/05\/Webp.net-resizeimage.png\",\"contentUrl\":\"https:\/\/agualusaartes.pt\/wp-content\/uploads\/2024\/05\/Webp.net-resizeimage.png\",\"width\":300,\"height\":135,\"caption\":\"\u00c1gua Lusa - Artes de Alcoba\u00e7a\"},\"image\":{\"@id\":\"https:\/\/agualusaartes.pt\/en\/#\/schema\/logo\/image\/\"},\"sameAs\":[\"https:\/\/www.facebook.com\/agualusaartes\",\"https:\/\/www.instagram.com\/agualusaartes\/\"]}]}<\/script>\n<!-- \/ Yoast SEO plugin. -->","yoast_head_json":{"title":"Iberian Imperial Eagle Socks - \u00c1gua Lusa - Artes de Alcoba\u00e7a","robots":{"index":"index","follow":"follow","max-snippet":"max-snippet:-1","max-image-preview":"max-image-preview:large","max-video-preview":"max-video-preview:-1"},"canonical":"https:\/\/agualusaartes.pt\/en\/product\/iberian-imperial-eagle-socks\/","og_locale":"en_US","og_type":"article","og_title":"Iberian Imperial Eagle Socks - \u00c1gua Lusa - Artes de Alcoba\u00e7a","og_description":"Socks with a pattern inspired by the Iberian imperial eagle, seeking to raise awareness of the fantastic fauna that inhabits our country (Portugal and the rest of the Iberian Peninsula).","og_url":"https:\/\/agualusaartes.pt\/en\/product\/iberian-imperial-eagle-socks\/","og_site_name":"\u00c1gua Lusa - Artes de Alcoba\u00e7a","article_publisher":"https:\/\/www.facebook.com\/agualusaartes","og_image":[{"width":540,"height":540,"url":"https:\/\/agualusaartes.pt\/wp-content\/uploads\/2024\/06\/aguia.jpg","type":"image\/jpeg"}],"twitter_card":"summary_large_image","twitter_misc":{"Est. reading time":"1 minute"},"schema":{"@context":"https:\/\/schema.org","@graph":[{"@type":"WebPage","@id":"https:\/\/agualusaartes.pt\/en\/product\/iberian-imperial-eagle-socks\/","url":"https:\/\/agualusaartes.pt\/en\/product\/iberian-imperial-eagle-socks\/","name":"Iberian Imperial Eagle Socks - \u00c1gua Lusa - Artes de Alcoba\u00e7a","isPartOf":{"@id":"https:\/\/agualusaartes.pt\/en\/#website"},"primaryImageOfPage":{"@id":"https:\/\/agualusaartes.pt\/en\/product\/iberian-imperial-eagle-socks\/#primaryimage"},"image":{"@id":"https:\/\/agualusaartes.pt\/en\/product\/iberian-imperial-eagle-socks\/#primaryimage"},"thumbnailUrl":"https:\/\/agualusaartes.pt\/wp-content\/uploads\/2024\/06\/aguia.jpg","datePublished":"2024-06-18T10:35:37+00:00","breadcrumb":{"@id":"https:\/\/agualusaartes.pt\/en\/product\/iberian-imperial-eagle-socks\/#breadcrumb"},"inLanguage":"en-US","potentialAction":[{"@type":"ReadAction","target":["https:\/\/agualusaartes.pt\/en\/product\/iberian-imperial-eagle-socks\/"]}]},{"@type":"ImageObject","inLanguage":"en-US","@id":"https:\/\/agualusaartes.pt\/en\/product\/iberian-imperial-eagle-socks\/#primaryimage","url":"https:\/\/agualusaartes.pt\/wp-content\/uploads\/2024\/06\/aguia.jpg","contentUrl":"https:\/\/agualusaartes.pt\/wp-content\/uploads\/2024\/06\/aguia.jpg","width":540,"height":540},{"@type":"BreadcrumbList","@id":"https:\/\/agualusaartes.pt\/en\/product\/iberian-imperial-eagle-socks\/#breadcrumb","itemListElement":[{"@type":"ListItem","position":1,"name":"In\u00edcio","item":"https:\/\/agualusaartes.pt\/en\/"},{"@type":"ListItem","position":2,"name":"Store","item":"https:\/\/agualusaartes.pt\/en\/shop\/"},{"@type":"ListItem","position":3,"name":"Iberian Imperial Eagle Socks"}]},{"@type":"WebSite","@id":"https:\/\/agualusaartes.pt\/en\/#website","url":"https:\/\/agualusaartes.pt\/en\/","name":"\u00c1gua Lusa - Artes de Alcoba\u00e7a","description":"\u00c1gua Lusa \u2013 Artes de Alcoba\u00e7a oferece artesanato portugu\u00eas aut\u00eantico, incluindo bolsas, bijuterias e cer\u00e2micas Bordallo Pinheiro. Descubra a tradi\u00e7\u00e3o de Portugal com pe\u00e7as \u00fanicas e feitas \u00e0 m\u00e3o.","publisher":{"@id":"https:\/\/agualusaartes.pt\/en\/#organization"},"alternateName":"\u00c1gua Lusa - Artes de Alcoba\u00e7a","potentialAction":[{"@type":"SearchAction","target":{"@type":"EntryPoint","urlTemplate":"https:\/\/agualusaartes.pt\/en\/?s={search_term_string}"},"query-input":{"@type":"PropertyValueSpecification","valueRequired":true,"valueName":"search_term_string"}}],"inLanguage":"en-US"},{"@type":"Organization","@id":"https:\/\/agualusaartes.pt\/en\/#organization","name":"\u00c1gua Lusa - Artes de Alcoba\u00e7a","alternateName":"\u00c1gua Lusa - Artes de Alcoba\u00e7a","url":"https:\/\/agualusaartes.pt\/en\/","logo":{"@type":"ImageObject","inLanguage":"en-US","@id":"https:\/\/agualusaartes.pt\/en\/#\/schema\/logo\/image\/","url":"https:\/\/agualusaartes.pt\/wp-content\/uploads\/2024\/05\/Webp.net-resizeimage.png","contentUrl":"https:\/\/agualusaartes.pt\/wp-content\/uploads\/2024\/05\/Webp.net-resizeimage.png","width":300,"height":135,"caption":"\u00c1gua Lusa - Artes de Alcoba\u00e7a"},"image":{"@id":"https:\/\/agualusaartes.pt\/en\/#\/schema\/logo\/image\/"},"sameAs":["https:\/\/www.facebook.com\/agualusaartes","https:\/\/www.instagram.com\/agualusaartes\/"]}]}},"_links":{"self":[{"href":"https:\/\/agualusaartes.pt\/en\/wp-json\/wp\/v2\/product\/84876","targetHints":{"allow":["GET"]}}],"collection":[{"href":"https:\/\/agualusaartes.pt\/en\/wp-json\/wp\/v2\/product"}],"about":[{"href":"https:\/\/agualusaartes.pt\/en\/wp-json\/wp\/v2\/types\/product"}],"wp:featuredmedia":[{"embeddable":true,"href":"https:\/\/agualusaartes.pt\/en\/wp-json\/wp\/v2\/media\/58593"}],"wp:attachment":[{"href":"https:\/\/agualusaartes.pt\/en\/wp-json\/wp\/v2\/media?parent=84876"}],"wp:term":[{"taxonomy":"product_brand","embeddable":true,"href":"https:\/\/agualusaartes.pt\/en\/wp-json\/wp\/v2\/product_brand?post=84876"},{"taxonomy":"product_cat","embeddable":true,"href":"https:\/\/agualusaartes.pt\/en\/wp-json\/wp\/v2\/product_cat?post=84876"},{"taxonomy":"product_tag","embeddable":true,"href":"https:\/\/agualusaartes.pt\/en\/wp-json\/wp\/v2\/product_tag?post=84876"}],"curies":[{"name":"wp","href":"https:\/\/api.w.org\/{rel}","templated":true}]}}