{"id":79426,"date":"2025-04-04T15:31:34","date_gmt":"2025-04-04T15:31:34","guid":{"rendered":"https:\/\/agualusaartes.pt\/?post_type=product&#038;p=79426"},"modified":"2025-04-04T15:53:46","modified_gmt":"2025-04-04T15:53:46","slug":"intimate-sun-and-other-poems-copia","status":"publish","type":"product","link":"https:\/\/agualusaartes.pt\/en\/product\/intimate-sun-and-other-poems-copia\/","title":{"rendered":"Jo\u00e3o Trapalh\u00e3o and other stories"},"content":{"rendered":"<p>Hans Christian Andersen was born into a humble family in 1805 in Odense, Denmark. His father, a shoemaker, encouraged him to read the classics and enjoy telling stories. At the age of 14, he set off on his own to Copenhagen to pursue his dreams. In 1831 he published his first collection of poetry and in 1833 he received a travel grant and set off on his first great adventure through Europe, which was reflected in his motto \u201cTo travel is to live\u201d. He never owned his own home, and despite several crushes, he never married. When he wasn&#8217;t traveling, he stayed in guest rooms or at the homes of friends and acquaintances. When he went out for visits or dinners, the children liked to sit and listen to him tell stories and watch him make his fascinating paper cut-outs. He wrote more than 150 short stories, for which he became internationally renowned. He was often inspired by traditional stories and developed his own style, especially in tales involving animals, plants and personified objects. Not only was he productive in this genre, but he also wrote novels, plays, travel stories &#8211; including A Visit to Portugal in 1866 &#8211; and poems, some of which were set to music and are still popular in Denmark today. He died<br \/>\nin August 1875, at the home of good friends in Copenhagen.          <\/p>\n<p>Being bold with frankness, imagination and intelligence is much better than having wisdom without a soul. Who will win the princess&#8217;s heart?<br \/>\nThis book brings together four short stories by H. C. Andersen in a new translation: each story shows how creativity and critical thinking are more important than titles, whether you are a soldier, a prince or a swineherd.<\/p>\n<p>Collection: Enchanted World<\/p>\n<p>Author: H. C. Andersen<\/p>\n<p>Language: Portuguese<\/p>\n<p>Measurements: 139&#215;210 mm (softcover with\/ flaps)<\/p>\n<p>Pages: 88<\/p>\n<p>Publisher: TEGNER-publishing, Lda<\/p>\n<p>Chancela: CARRACK books<\/p>\n<p>First edition: April 2025<\/p>\n","protected":false},"excerpt":{"rendered":"<p>This book brings together four short stories by H. C. Andersen in a new translation: each story shows how creativity and critical thinking are more important than titles, whether you are a soldier, a prince or a swineherd.<\/p>\n<p>Language: Portuguese<\/p>\n","protected":false},"featured_media":79434,"template":"","meta":{"_joinchat":[]},"product_brand":[],"product_cat":[558,493],"product_tag":[],"class_list":{"0":"post-79426","1":"product","2":"type-product","3":"status-publish","4":"has-post-thumbnail","6":"product_cat-books-en","7":"product_cat-books-child","9":"first","10":"instock","11":"taxable","12":"shipping-taxable","13":"product-type-simple"},"yoast_head":"<!-- This site is optimized with the Yoast SEO plugin v26.3 - https:\/\/yoast.com\/wordpress\/plugins\/seo\/ -->\n<title>Jo\u00e3o Trapalh\u00e3o and other stories - \u00c1gua Lusa - Artes de Alcoba\u00e7a<\/title>\n<meta name=\"robots\" content=\"index, follow, max-snippet:-1, max-image-preview:large, max-video-preview:-1\" \/>\n<link rel=\"canonical\" href=\"https:\/\/agualusaartes.pt\/en\/product\/intimate-sun-and-other-poems-copia\/\" \/>\n<meta property=\"og:locale\" content=\"en_US\" \/>\n<meta property=\"og:type\" content=\"article\" \/>\n<meta property=\"og:title\" content=\"Jo\u00e3o Trapalh\u00e3o and other stories - \u00c1gua Lusa - Artes de Alcoba\u00e7a\" \/>\n<meta property=\"og:description\" content=\"This book brings together four short stories by H. C. Andersen in a new translation: each story shows how creativity and critical thinking are more important than titles, whether you are a soldier, a prince or a swineherd. Language: Portuguese\" \/>\n<meta property=\"og:url\" content=\"https:\/\/agualusaartes.pt\/en\/product\/intimate-sun-and-other-poems-copia\/\" \/>\n<meta property=\"og:site_name\" content=\"\u00c1gua Lusa - Artes de Alcoba\u00e7a\" \/>\n<meta property=\"article:publisher\" content=\"https:\/\/www.facebook.com\/agualusaartes\" \/>\n<meta property=\"article:modified_time\" content=\"2025-04-04T15:53:46+00:00\" \/>\n<meta property=\"og:image\" content=\"https:\/\/agualusaartes.pt\/wp-content\/uploads\/2025\/04\/joao-trapalhao-1.webp\" \/>\n\t<meta property=\"og:image:width\" content=\"1200\" \/>\n\t<meta property=\"og:image:height\" content=\"1200\" \/>\n\t<meta property=\"og:image:type\" content=\"image\/webp\" \/>\n<meta name=\"twitter:card\" content=\"summary_large_image\" \/>\n<meta name=\"twitter:label1\" content=\"Est. reading time\" \/>\n\t<meta name=\"twitter:data1\" content=\"2 minutes\" \/>\n<script type=\"application\/ld+json\" class=\"yoast-schema-graph\">{\"@context\":\"https:\/\/schema.org\",\"@graph\":[{\"@type\":\"WebPage\",\"@id\":\"https:\/\/agualusaartes.pt\/en\/product\/intimate-sun-and-other-poems-copia\/\",\"url\":\"https:\/\/agualusaartes.pt\/en\/product\/intimate-sun-and-other-poems-copia\/\",\"name\":\"Jo\u00e3o Trapalh\u00e3o and other stories - \u00c1gua Lusa - Artes de Alcoba\u00e7a\",\"isPartOf\":{\"@id\":\"https:\/\/agualusaartes.pt\/en\/#website\"},\"primaryImageOfPage\":{\"@id\":\"https:\/\/agualusaartes.pt\/en\/product\/intimate-sun-and-other-poems-copia\/#primaryimage\"},\"image\":{\"@id\":\"https:\/\/agualusaartes.pt\/en\/product\/intimate-sun-and-other-poems-copia\/#primaryimage\"},\"thumbnailUrl\":\"https:\/\/agualusaartes.pt\/wp-content\/uploads\/2025\/04\/joao-trapalhao-1.webp\",\"datePublished\":\"2025-04-04T15:31:34+00:00\",\"dateModified\":\"2025-04-04T15:53:46+00:00\",\"breadcrumb\":{\"@id\":\"https:\/\/agualusaartes.pt\/en\/product\/intimate-sun-and-other-poems-copia\/#breadcrumb\"},\"inLanguage\":\"en-US\",\"potentialAction\":[{\"@type\":\"ReadAction\",\"target\":[\"https:\/\/agualusaartes.pt\/en\/product\/intimate-sun-and-other-poems-copia\/\"]}]},{\"@type\":\"ImageObject\",\"inLanguage\":\"en-US\",\"@id\":\"https:\/\/agualusaartes.pt\/en\/product\/intimate-sun-and-other-poems-copia\/#primaryimage\",\"url\":\"https:\/\/agualusaartes.pt\/wp-content\/uploads\/2025\/04\/joao-trapalhao-1.webp\",\"contentUrl\":\"https:\/\/agualusaartes.pt\/wp-content\/uploads\/2025\/04\/joao-trapalhao-1.webp\",\"width\":1200,\"height\":1200},{\"@type\":\"BreadcrumbList\",\"@id\":\"https:\/\/agualusaartes.pt\/en\/product\/intimate-sun-and-other-poems-copia\/#breadcrumb\",\"itemListElement\":[{\"@type\":\"ListItem\",\"position\":1,\"name\":\"In\u00edcio\",\"item\":\"https:\/\/agualusaartes.pt\/en\/\"},{\"@type\":\"ListItem\",\"position\":2,\"name\":\"Store\",\"item\":\"https:\/\/agualusaartes.pt\/en\/shop\/\"},{\"@type\":\"ListItem\",\"position\":3,\"name\":\"Jo\u00e3o Trapalh\u00e3o and other stories\"}]},{\"@type\":\"WebSite\",\"@id\":\"https:\/\/agualusaartes.pt\/en\/#website\",\"url\":\"https:\/\/agualusaartes.pt\/en\/\",\"name\":\"\u00c1gua Lusa - Artes de Alcoba\u00e7a\",\"description\":\"\u00c1gua Lusa \u2013 Artes de Alcoba\u00e7a oferece artesanato portugu\u00eas aut\u00eantico, incluindo bolsas, bijuterias e cer\u00e2micas Bordallo Pinheiro. Descubra a tradi\u00e7\u00e3o de Portugal com pe\u00e7as \u00fanicas e feitas \u00e0 m\u00e3o.\",\"publisher\":{\"@id\":\"https:\/\/agualusaartes.pt\/en\/#organization\"},\"alternateName\":\"\u00c1gua Lusa - Artes de Alcoba\u00e7a\",\"potentialAction\":[{\"@type\":\"SearchAction\",\"target\":{\"@type\":\"EntryPoint\",\"urlTemplate\":\"https:\/\/agualusaartes.pt\/en\/?s={search_term_string}\"},\"query-input\":{\"@type\":\"PropertyValueSpecification\",\"valueRequired\":true,\"valueName\":\"search_term_string\"}}],\"inLanguage\":\"en-US\"},{\"@type\":\"Organization\",\"@id\":\"https:\/\/agualusaartes.pt\/en\/#organization\",\"name\":\"\u00c1gua Lusa - Artes de Alcoba\u00e7a\",\"alternateName\":\"\u00c1gua Lusa - Artes de Alcoba\u00e7a\",\"url\":\"https:\/\/agualusaartes.pt\/en\/\",\"logo\":{\"@type\":\"ImageObject\",\"inLanguage\":\"en-US\",\"@id\":\"https:\/\/agualusaartes.pt\/en\/#\/schema\/logo\/image\/\",\"url\":\"https:\/\/agualusaartes.pt\/wp-content\/uploads\/2024\/05\/Webp.net-resizeimage.png\",\"contentUrl\":\"https:\/\/agualusaartes.pt\/wp-content\/uploads\/2024\/05\/Webp.net-resizeimage.png\",\"width\":300,\"height\":135,\"caption\":\"\u00c1gua Lusa - Artes de Alcoba\u00e7a\"},\"image\":{\"@id\":\"https:\/\/agualusaartes.pt\/en\/#\/schema\/logo\/image\/\"},\"sameAs\":[\"https:\/\/www.facebook.com\/agualusaartes\",\"https:\/\/www.instagram.com\/agualusaartes\/\"]}]}<\/script>\n<!-- \/ Yoast SEO plugin. -->","yoast_head_json":{"title":"Jo\u00e3o Trapalh\u00e3o and other stories - \u00c1gua Lusa - Artes de Alcoba\u00e7a","robots":{"index":"index","follow":"follow","max-snippet":"max-snippet:-1","max-image-preview":"max-image-preview:large","max-video-preview":"max-video-preview:-1"},"canonical":"https:\/\/agualusaartes.pt\/en\/product\/intimate-sun-and-other-poems-copia\/","og_locale":"en_US","og_type":"article","og_title":"Jo\u00e3o Trapalh\u00e3o and other stories - \u00c1gua Lusa - Artes de Alcoba\u00e7a","og_description":"This book brings together four short stories by H. C. Andersen in a new translation: each story shows how creativity and critical thinking are more important than titles, whether you are a soldier, a prince or a swineherd. Language: Portuguese","og_url":"https:\/\/agualusaartes.pt\/en\/product\/intimate-sun-and-other-poems-copia\/","og_site_name":"\u00c1gua Lusa - Artes de Alcoba\u00e7a","article_publisher":"https:\/\/www.facebook.com\/agualusaartes","article_modified_time":"2025-04-04T15:53:46+00:00","og_image":[{"width":1200,"height":1200,"url":"https:\/\/agualusaartes.pt\/wp-content\/uploads\/2025\/04\/joao-trapalhao-1.webp","type":"image\/webp"}],"twitter_card":"summary_large_image","twitter_misc":{"Est. reading time":"2 minutes"},"schema":{"@context":"https:\/\/schema.org","@graph":[{"@type":"WebPage","@id":"https:\/\/agualusaartes.pt\/en\/product\/intimate-sun-and-other-poems-copia\/","url":"https:\/\/agualusaartes.pt\/en\/product\/intimate-sun-and-other-poems-copia\/","name":"Jo\u00e3o Trapalh\u00e3o and other stories - \u00c1gua Lusa - Artes de Alcoba\u00e7a","isPartOf":{"@id":"https:\/\/agualusaartes.pt\/en\/#website"},"primaryImageOfPage":{"@id":"https:\/\/agualusaartes.pt\/en\/product\/intimate-sun-and-other-poems-copia\/#primaryimage"},"image":{"@id":"https:\/\/agualusaartes.pt\/en\/product\/intimate-sun-and-other-poems-copia\/#primaryimage"},"thumbnailUrl":"https:\/\/agualusaartes.pt\/wp-content\/uploads\/2025\/04\/joao-trapalhao-1.webp","datePublished":"2025-04-04T15:31:34+00:00","dateModified":"2025-04-04T15:53:46+00:00","breadcrumb":{"@id":"https:\/\/agualusaartes.pt\/en\/product\/intimate-sun-and-other-poems-copia\/#breadcrumb"},"inLanguage":"en-US","potentialAction":[{"@type":"ReadAction","target":["https:\/\/agualusaartes.pt\/en\/product\/intimate-sun-and-other-poems-copia\/"]}]},{"@type":"ImageObject","inLanguage":"en-US","@id":"https:\/\/agualusaartes.pt\/en\/product\/intimate-sun-and-other-poems-copia\/#primaryimage","url":"https:\/\/agualusaartes.pt\/wp-content\/uploads\/2025\/04\/joao-trapalhao-1.webp","contentUrl":"https:\/\/agualusaartes.pt\/wp-content\/uploads\/2025\/04\/joao-trapalhao-1.webp","width":1200,"height":1200},{"@type":"BreadcrumbList","@id":"https:\/\/agualusaartes.pt\/en\/product\/intimate-sun-and-other-poems-copia\/#breadcrumb","itemListElement":[{"@type":"ListItem","position":1,"name":"In\u00edcio","item":"https:\/\/agualusaartes.pt\/en\/"},{"@type":"ListItem","position":2,"name":"Store","item":"https:\/\/agualusaartes.pt\/en\/shop\/"},{"@type":"ListItem","position":3,"name":"Jo\u00e3o Trapalh\u00e3o and other stories"}]},{"@type":"WebSite","@id":"https:\/\/agualusaartes.pt\/en\/#website","url":"https:\/\/agualusaartes.pt\/en\/","name":"\u00c1gua Lusa - Artes de Alcoba\u00e7a","description":"\u00c1gua Lusa \u2013 Artes de Alcoba\u00e7a oferece artesanato portugu\u00eas aut\u00eantico, incluindo bolsas, bijuterias e cer\u00e2micas Bordallo Pinheiro. Descubra a tradi\u00e7\u00e3o de Portugal com pe\u00e7as \u00fanicas e feitas \u00e0 m\u00e3o.","publisher":{"@id":"https:\/\/agualusaartes.pt\/en\/#organization"},"alternateName":"\u00c1gua Lusa - Artes de Alcoba\u00e7a","potentialAction":[{"@type":"SearchAction","target":{"@type":"EntryPoint","urlTemplate":"https:\/\/agualusaartes.pt\/en\/?s={search_term_string}"},"query-input":{"@type":"PropertyValueSpecification","valueRequired":true,"valueName":"search_term_string"}}],"inLanguage":"en-US"},{"@type":"Organization","@id":"https:\/\/agualusaartes.pt\/en\/#organization","name":"\u00c1gua Lusa - Artes de Alcoba\u00e7a","alternateName":"\u00c1gua Lusa - Artes de Alcoba\u00e7a","url":"https:\/\/agualusaartes.pt\/en\/","logo":{"@type":"ImageObject","inLanguage":"en-US","@id":"https:\/\/agualusaartes.pt\/en\/#\/schema\/logo\/image\/","url":"https:\/\/agualusaartes.pt\/wp-content\/uploads\/2024\/05\/Webp.net-resizeimage.png","contentUrl":"https:\/\/agualusaartes.pt\/wp-content\/uploads\/2024\/05\/Webp.net-resizeimage.png","width":300,"height":135,"caption":"\u00c1gua Lusa - Artes de Alcoba\u00e7a"},"image":{"@id":"https:\/\/agualusaartes.pt\/en\/#\/schema\/logo\/image\/"},"sameAs":["https:\/\/www.facebook.com\/agualusaartes","https:\/\/www.instagram.com\/agualusaartes\/"]}]}},"_links":{"self":[{"href":"https:\/\/agualusaartes.pt\/en\/wp-json\/wp\/v2\/product\/79426","targetHints":{"allow":["GET"]}}],"collection":[{"href":"https:\/\/agualusaartes.pt\/en\/wp-json\/wp\/v2\/product"}],"about":[{"href":"https:\/\/agualusaartes.pt\/en\/wp-json\/wp\/v2\/types\/product"}],"wp:featuredmedia":[{"embeddable":true,"href":"https:\/\/agualusaartes.pt\/en\/wp-json\/wp\/v2\/media\/79434"}],"wp:attachment":[{"href":"https:\/\/agualusaartes.pt\/en\/wp-json\/wp\/v2\/media?parent=79426"}],"wp:term":[{"taxonomy":"product_brand","embeddable":true,"href":"https:\/\/agualusaartes.pt\/en\/wp-json\/wp\/v2\/product_brand?post=79426"},{"taxonomy":"product_cat","embeddable":true,"href":"https:\/\/agualusaartes.pt\/en\/wp-json\/wp\/v2\/product_cat?post=79426"},{"taxonomy":"product_tag","embeddable":true,"href":"https:\/\/agualusaartes.pt\/en\/wp-json\/wp\/v2\/product_tag?post=79426"}],"curies":[{"name":"wp","href":"https:\/\/api.w.org\/{rel}","templated":true}]}}