{"id":79179,"date":"2025-04-03T17:22:49","date_gmt":"2025-04-03T17:22:49","guid":{"rendered":"https:\/\/agualusaartes.pt\/?post_type=product&#038;p=79179"},"modified":"2025-04-03T17:30:20","modified_gmt":"2025-04-03T17:30:20","slug":"nonsense-selected-copia","status":"publish","type":"product","link":"https:\/\/agualusaartes.pt\/en\/product\/nonsense-selected-copia\/","title":{"rendered":"Choir Invisible: selected poems"},"content":{"rendered":"<div>Mary Ann Evans \u2013 known by her pseudonym George Eliot \u2013 was born in 1819 in rural Warwickshire, England. She attended boarding schools of religious atmosphere until the age of sixteen but returned home to keep house for her father upon her mother\u2019s death. In 1841 they moved to Coventry, where she became acquainted with the freethinker Charles Bray, a prosperous ribbon manufacturer. This meeting precipitated her break with orthodoxy, and she continued going to church only to please her father until his death in 1849. After spending the winter in Geneva, she moved to London, where she was the subeditor of The Westminster Review until 1854. In 1851 she met Charles Lewes \u2013 separated from his wife \u2013 with whom she lived openly until his death. They bought a priory in Regent\u2019s Park in 1863, where Lewes died in 1878. In 1880, she married her banker, John Walter Cross, and moved to Chelsea. She died the same year.        <\/div>\n<div>Under the pen name George Eliot, Mary Evans published translations, poetry, essays and novels, among them Middlemarch (1871-72), The Mill on the Floss (1860) and Adam Bede (1859). Her writing is famous for its depictions and psychological analyses of rural society. <\/div>\n<div>This edition presents one of her main long poems, The Legend of Jubal, and shorter poems collected and published in Complete Poetical Works (1888), including the blank verse poem \u201cO may I join the choir invisible\u201d. Additionally, the poem \u201cKnowing that shortly I must put off this tabernacle\u201d (Christian Observer, 1840) has been included. <\/div>\n<p>Collection: Discover the Classics<\/p>\n<p>Author: George Eliot<\/p>\n<p>Language: English<\/p>\n<p>Measurements: 120&#215;182 mm (softcover)<\/p>\n<p>Pages: 104<\/p>\n<p>Publisher: TEGNER-publishing, Lda<\/p>\n<p>Chancela: CARRACK books<\/p>\n<p>First edition: November 2024<\/p>\n","protected":false},"excerpt":{"rendered":"<p>This edition features one of Mary Evans&#8217; major long poems, The Legend of Jubal, and shorter poems collected and published in Complete Poetical Works (1888), including the blank verse poem \u201cO may I join the choir invisible\u201d. In addition, the poem \u201cKnowing that soon I must put off this tabernacle\u201d (Christian Observer, 1840) was included. <\/p>\n<p>Language: English<\/p>\n<p>&nbsp;<\/p>\n","protected":false},"featured_media":79181,"template":"","meta":{"_joinchat":[]},"product_brand":[],"product_cat":[558],"product_tag":[],"class_list":{"0":"post-79179","1":"product","2":"type-product","3":"status-publish","4":"has-post-thumbnail","6":"product_cat-books-en","8":"first","9":"instock","10":"taxable","11":"shipping-taxable","12":"product-type-simple"},"yoast_head":"<!-- This site is optimized with the Yoast SEO plugin v26.3 - https:\/\/yoast.com\/wordpress\/plugins\/seo\/ -->\n<title>Choir Invisible: selected poems - \u00c1gua Lusa - Artes de Alcoba\u00e7a<\/title>\n<meta name=\"robots\" content=\"index, follow, max-snippet:-1, max-image-preview:large, max-video-preview:-1\" \/>\n<link rel=\"canonical\" href=\"https:\/\/agualusaartes.pt\/en\/product\/nonsense-selected-copia\/\" \/>\n<meta property=\"og:locale\" content=\"en_US\" \/>\n<meta property=\"og:type\" content=\"article\" \/>\n<meta property=\"og:title\" content=\"Choir Invisible: selected poems - \u00c1gua Lusa - Artes de Alcoba\u00e7a\" \/>\n<meta property=\"og:description\" content=\"This edition features one of Mary Evans&#039; major long poems, The Legend of Jubal, and shorter poems collected and published in Complete Poetical Works (1888), including the blank verse poem \u201cO may I join the choir invisible\u201d. In addition, the poem \u201cKnowing that soon I must put off this tabernacle\u201d (Christian Observer, 1840) was included.  Language: English &nbsp;\" \/>\n<meta property=\"og:url\" content=\"https:\/\/agualusaartes.pt\/en\/product\/nonsense-selected-copia\/\" \/>\n<meta property=\"og:site_name\" content=\"\u00c1gua Lusa - Artes de Alcoba\u00e7a\" \/>\n<meta property=\"article:publisher\" content=\"https:\/\/www.facebook.com\/agualusaartes\" \/>\n<meta property=\"article:modified_time\" content=\"2025-04-03T17:30:20+00:00\" \/>\n<meta property=\"og:image\" content=\"https:\/\/agualusaartes.pt\/wp-content\/uploads\/2025\/04\/Choir-Invisible.webp\" \/>\n\t<meta property=\"og:image:width\" content=\"1200\" \/>\n\t<meta property=\"og:image:height\" content=\"1200\" \/>\n\t<meta property=\"og:image:type\" content=\"image\/webp\" \/>\n<meta name=\"twitter:card\" content=\"summary_large_image\" \/>\n<meta name=\"twitter:label1\" content=\"Est. reading time\" \/>\n\t<meta name=\"twitter:data1\" content=\"1 minute\" \/>\n<script type=\"application\/ld+json\" class=\"yoast-schema-graph\">{\"@context\":\"https:\/\/schema.org\",\"@graph\":[{\"@type\":\"WebPage\",\"@id\":\"https:\/\/agualusaartes.pt\/en\/product\/nonsense-selected-copia\/\",\"url\":\"https:\/\/agualusaartes.pt\/en\/product\/nonsense-selected-copia\/\",\"name\":\"Choir Invisible: selected poems - \u00c1gua Lusa - Artes de Alcoba\u00e7a\",\"isPartOf\":{\"@id\":\"https:\/\/agualusaartes.pt\/en\/#website\"},\"primaryImageOfPage\":{\"@id\":\"https:\/\/agualusaartes.pt\/en\/product\/nonsense-selected-copia\/#primaryimage\"},\"image\":{\"@id\":\"https:\/\/agualusaartes.pt\/en\/product\/nonsense-selected-copia\/#primaryimage\"},\"thumbnailUrl\":\"https:\/\/agualusaartes.pt\/wp-content\/uploads\/2025\/04\/Choir-Invisible.webp\",\"datePublished\":\"2025-04-03T17:22:49+00:00\",\"dateModified\":\"2025-04-03T17:30:20+00:00\",\"breadcrumb\":{\"@id\":\"https:\/\/agualusaartes.pt\/en\/product\/nonsense-selected-copia\/#breadcrumb\"},\"inLanguage\":\"en-US\",\"potentialAction\":[{\"@type\":\"ReadAction\",\"target\":[\"https:\/\/agualusaartes.pt\/en\/product\/nonsense-selected-copia\/\"]}]},{\"@type\":\"ImageObject\",\"inLanguage\":\"en-US\",\"@id\":\"https:\/\/agualusaartes.pt\/en\/product\/nonsense-selected-copia\/#primaryimage\",\"url\":\"https:\/\/agualusaartes.pt\/wp-content\/uploads\/2025\/04\/Choir-Invisible.webp\",\"contentUrl\":\"https:\/\/agualusaartes.pt\/wp-content\/uploads\/2025\/04\/Choir-Invisible.webp\",\"width\":1200,\"height\":1200},{\"@type\":\"BreadcrumbList\",\"@id\":\"https:\/\/agualusaartes.pt\/en\/product\/nonsense-selected-copia\/#breadcrumb\",\"itemListElement\":[{\"@type\":\"ListItem\",\"position\":1,\"name\":\"In\u00edcio\",\"item\":\"https:\/\/agualusaartes.pt\/en\/\"},{\"@type\":\"ListItem\",\"position\":2,\"name\":\"Store\",\"item\":\"https:\/\/agualusaartes.pt\/en\/shop\/\"},{\"@type\":\"ListItem\",\"position\":3,\"name\":\"Choir Invisible: selected poems\"}]},{\"@type\":\"WebSite\",\"@id\":\"https:\/\/agualusaartes.pt\/en\/#website\",\"url\":\"https:\/\/agualusaartes.pt\/en\/\",\"name\":\"\u00c1gua Lusa - Artes de Alcoba\u00e7a\",\"description\":\"\u00c1gua Lusa \u2013 Artes de Alcoba\u00e7a oferece artesanato portugu\u00eas aut\u00eantico, incluindo bolsas, bijuterias e cer\u00e2micas Bordallo Pinheiro. Descubra a tradi\u00e7\u00e3o de Portugal com pe\u00e7as \u00fanicas e feitas \u00e0 m\u00e3o.\",\"publisher\":{\"@id\":\"https:\/\/agualusaartes.pt\/en\/#organization\"},\"alternateName\":\"\u00c1gua Lusa - Artes de Alcoba\u00e7a\",\"potentialAction\":[{\"@type\":\"SearchAction\",\"target\":{\"@type\":\"EntryPoint\",\"urlTemplate\":\"https:\/\/agualusaartes.pt\/en\/?s={search_term_string}\"},\"query-input\":{\"@type\":\"PropertyValueSpecification\",\"valueRequired\":true,\"valueName\":\"search_term_string\"}}],\"inLanguage\":\"en-US\"},{\"@type\":\"Organization\",\"@id\":\"https:\/\/agualusaartes.pt\/en\/#organization\",\"name\":\"\u00c1gua Lusa - Artes de Alcoba\u00e7a\",\"alternateName\":\"\u00c1gua Lusa - Artes de Alcoba\u00e7a\",\"url\":\"https:\/\/agualusaartes.pt\/en\/\",\"logo\":{\"@type\":\"ImageObject\",\"inLanguage\":\"en-US\",\"@id\":\"https:\/\/agualusaartes.pt\/en\/#\/schema\/logo\/image\/\",\"url\":\"https:\/\/agualusaartes.pt\/wp-content\/uploads\/2024\/05\/Webp.net-resizeimage.png\",\"contentUrl\":\"https:\/\/agualusaartes.pt\/wp-content\/uploads\/2024\/05\/Webp.net-resizeimage.png\",\"width\":300,\"height\":135,\"caption\":\"\u00c1gua Lusa - Artes de Alcoba\u00e7a\"},\"image\":{\"@id\":\"https:\/\/agualusaartes.pt\/en\/#\/schema\/logo\/image\/\"},\"sameAs\":[\"https:\/\/www.facebook.com\/agualusaartes\",\"https:\/\/www.instagram.com\/agualusaartes\/\"]}]}<\/script>\n<!-- \/ Yoast SEO plugin. -->","yoast_head_json":{"title":"Choir Invisible: selected poems - \u00c1gua Lusa - Artes de Alcoba\u00e7a","robots":{"index":"index","follow":"follow","max-snippet":"max-snippet:-1","max-image-preview":"max-image-preview:large","max-video-preview":"max-video-preview:-1"},"canonical":"https:\/\/agualusaartes.pt\/en\/product\/nonsense-selected-copia\/","og_locale":"en_US","og_type":"article","og_title":"Choir Invisible: selected poems - \u00c1gua Lusa - Artes de Alcoba\u00e7a","og_description":"This edition features one of Mary Evans' major long poems, The Legend of Jubal, and shorter poems collected and published in Complete Poetical Works (1888), including the blank verse poem \u201cO may I join the choir invisible\u201d. In addition, the poem \u201cKnowing that soon I must put off this tabernacle\u201d (Christian Observer, 1840) was included.  Language: English &nbsp;","og_url":"https:\/\/agualusaartes.pt\/en\/product\/nonsense-selected-copia\/","og_site_name":"\u00c1gua Lusa - Artes de Alcoba\u00e7a","article_publisher":"https:\/\/www.facebook.com\/agualusaartes","article_modified_time":"2025-04-03T17:30:20+00:00","og_image":[{"width":1200,"height":1200,"url":"https:\/\/agualusaartes.pt\/wp-content\/uploads\/2025\/04\/Choir-Invisible.webp","type":"image\/webp"}],"twitter_card":"summary_large_image","twitter_misc":{"Est. reading time":"1 minute"},"schema":{"@context":"https:\/\/schema.org","@graph":[{"@type":"WebPage","@id":"https:\/\/agualusaartes.pt\/en\/product\/nonsense-selected-copia\/","url":"https:\/\/agualusaartes.pt\/en\/product\/nonsense-selected-copia\/","name":"Choir Invisible: selected poems - \u00c1gua Lusa - Artes de Alcoba\u00e7a","isPartOf":{"@id":"https:\/\/agualusaartes.pt\/en\/#website"},"primaryImageOfPage":{"@id":"https:\/\/agualusaartes.pt\/en\/product\/nonsense-selected-copia\/#primaryimage"},"image":{"@id":"https:\/\/agualusaartes.pt\/en\/product\/nonsense-selected-copia\/#primaryimage"},"thumbnailUrl":"https:\/\/agualusaartes.pt\/wp-content\/uploads\/2025\/04\/Choir-Invisible.webp","datePublished":"2025-04-03T17:22:49+00:00","dateModified":"2025-04-03T17:30:20+00:00","breadcrumb":{"@id":"https:\/\/agualusaartes.pt\/en\/product\/nonsense-selected-copia\/#breadcrumb"},"inLanguage":"en-US","potentialAction":[{"@type":"ReadAction","target":["https:\/\/agualusaartes.pt\/en\/product\/nonsense-selected-copia\/"]}]},{"@type":"ImageObject","inLanguage":"en-US","@id":"https:\/\/agualusaartes.pt\/en\/product\/nonsense-selected-copia\/#primaryimage","url":"https:\/\/agualusaartes.pt\/wp-content\/uploads\/2025\/04\/Choir-Invisible.webp","contentUrl":"https:\/\/agualusaartes.pt\/wp-content\/uploads\/2025\/04\/Choir-Invisible.webp","width":1200,"height":1200},{"@type":"BreadcrumbList","@id":"https:\/\/agualusaartes.pt\/en\/product\/nonsense-selected-copia\/#breadcrumb","itemListElement":[{"@type":"ListItem","position":1,"name":"In\u00edcio","item":"https:\/\/agualusaartes.pt\/en\/"},{"@type":"ListItem","position":2,"name":"Store","item":"https:\/\/agualusaartes.pt\/en\/shop\/"},{"@type":"ListItem","position":3,"name":"Choir Invisible: selected poems"}]},{"@type":"WebSite","@id":"https:\/\/agualusaartes.pt\/en\/#website","url":"https:\/\/agualusaartes.pt\/en\/","name":"\u00c1gua Lusa - Artes de Alcoba\u00e7a","description":"\u00c1gua Lusa \u2013 Artes de Alcoba\u00e7a oferece artesanato portugu\u00eas aut\u00eantico, incluindo bolsas, bijuterias e cer\u00e2micas Bordallo Pinheiro. Descubra a tradi\u00e7\u00e3o de Portugal com pe\u00e7as \u00fanicas e feitas \u00e0 m\u00e3o.","publisher":{"@id":"https:\/\/agualusaartes.pt\/en\/#organization"},"alternateName":"\u00c1gua Lusa - Artes de Alcoba\u00e7a","potentialAction":[{"@type":"SearchAction","target":{"@type":"EntryPoint","urlTemplate":"https:\/\/agualusaartes.pt\/en\/?s={search_term_string}"},"query-input":{"@type":"PropertyValueSpecification","valueRequired":true,"valueName":"search_term_string"}}],"inLanguage":"en-US"},{"@type":"Organization","@id":"https:\/\/agualusaartes.pt\/en\/#organization","name":"\u00c1gua Lusa - Artes de Alcoba\u00e7a","alternateName":"\u00c1gua Lusa - Artes de Alcoba\u00e7a","url":"https:\/\/agualusaartes.pt\/en\/","logo":{"@type":"ImageObject","inLanguage":"en-US","@id":"https:\/\/agualusaartes.pt\/en\/#\/schema\/logo\/image\/","url":"https:\/\/agualusaartes.pt\/wp-content\/uploads\/2024\/05\/Webp.net-resizeimage.png","contentUrl":"https:\/\/agualusaartes.pt\/wp-content\/uploads\/2024\/05\/Webp.net-resizeimage.png","width":300,"height":135,"caption":"\u00c1gua Lusa - Artes de Alcoba\u00e7a"},"image":{"@id":"https:\/\/agualusaartes.pt\/en\/#\/schema\/logo\/image\/"},"sameAs":["https:\/\/www.facebook.com\/agualusaartes","https:\/\/www.instagram.com\/agualusaartes\/"]}]}},"_links":{"self":[{"href":"https:\/\/agualusaartes.pt\/en\/wp-json\/wp\/v2\/product\/79179","targetHints":{"allow":["GET"]}}],"collection":[{"href":"https:\/\/agualusaartes.pt\/en\/wp-json\/wp\/v2\/product"}],"about":[{"href":"https:\/\/agualusaartes.pt\/en\/wp-json\/wp\/v2\/types\/product"}],"wp:featuredmedia":[{"embeddable":true,"href":"https:\/\/agualusaartes.pt\/en\/wp-json\/wp\/v2\/media\/79181"}],"wp:attachment":[{"href":"https:\/\/agualusaartes.pt\/en\/wp-json\/wp\/v2\/media?parent=79179"}],"wp:term":[{"taxonomy":"product_brand","embeddable":true,"href":"https:\/\/agualusaartes.pt\/en\/wp-json\/wp\/v2\/product_brand?post=79179"},{"taxonomy":"product_cat","embeddable":true,"href":"https:\/\/agualusaartes.pt\/en\/wp-json\/wp\/v2\/product_cat?post=79179"},{"taxonomy":"product_tag","embeddable":true,"href":"https:\/\/agualusaartes.pt\/en\/wp-json\/wp\/v2\/product_tag?post=79179"}],"curies":[{"name":"wp","href":"https:\/\/api.w.org\/{rel}","templated":true}]}}