{"id":79175,"date":"2025-04-03T17:10:01","date_gmt":"2025-04-03T17:10:01","guid":{"rendered":"https:\/\/agualusaartes.pt\/?post_type=product&#038;p=79175"},"modified":"2025-04-03T17:22:17","modified_gmt":"2025-04-03T17:22:17","slug":"my-heart-selected-poems-copia","status":"publish","type":"product","link":"https:\/\/agualusaartes.pt\/en\/product\/my-heart-selected-poems-copia\/","title":{"rendered":"Nonsense: selected"},"content":{"rendered":"<div>Edward Lear was born on 12 May 1812 in Holloway, a suburb of North London, into a middle-class family of 21 children. The next to last child, he was raised by his eldest sister, Ann, 21 years his senior, since he was 4 years old, and lived with her until her death in 1862. Besides the hardships of his upbringing, he had to cope with an epileptic condition from an early age and suffered from chronic respiratory problems. Lear did not receive a formal education but, encouraged by his sister, developed his talent for drawing and painting, from which he started earning a living at the age of 16. Soon his work gained recognition and in 1832 he was hired by the London Zoological Society, where he created very fine illustrations of birds and became one of the greatest ornithological artists of all time. With the deterioration of his eyesight he turned to landscape painting, and in 1837 moved to Rome under the patronage of the Earl of Derby. He subsequently <br \/>travelled through Italy (1842-47) and visited Greece and Egypt (1848-49), producing a large number of distinctive illustrations. He returns to England in 1849 but after a few years decides to go back to Italy. Lear dies of heart disease in San Remo, in 1888.        <\/div>\n<div>Lear is also renowned for his humorous poetry, which he mostly presented in limericks, a poetic form that he helped to popularize. He also became famous for his numerous neologisms: \u201cruncible spoon\u201d is now found in English dictionaries. In 1846 he published A Book of Nonsense. This work was followed by Nonsense Songs, Stories, Botany and Alphabets (1871; it included the nonsense song The Owl and the Pussycat, written for the children of his patron, the Earl of Derby), More Nonsense, Pictures, Rhymes, Botany, etc. (1872), and Laughable Lyrics (1877). A transversal selection of the unique nonsensical humour of Lear is presented in this edition, together with his illustrations.    <\/div>\n<p>Collection: Discover the Classics<\/p>\n<p>Author: Edward Lear<\/p>\n<p>Language: English<\/p>\n<p>Measurements: 120&#215;182 mm (softcover)<\/p>\n<p>Pages: 128<\/p>\n<p>Publisher: TEGNER-publishing, Lda<\/p>\n<p>Chancela: CARRACK books<\/p>\n<p>First edition: November 2024<\/p>\n","protected":false},"excerpt":{"rendered":"<p>In 1846, Edward Lear published A Book of Nonsense. This was followed by Nonsense Songs, Stories, Botany and Alphabets (1871; included the nonsense song The Owl and the Pussycat, written for the children of his patron, the Earl of Derby), More Nonsense, Pictures, Rhymes, Botany, etc. (1872) and Laughable Lyrics (1877). A cross-section of Lear&#8217;s unique nonsense humor is presented in this edition, along with his illustrations.  <\/p>\n<p>Language: English<\/p>\n<p>&nbsp;<\/p>\n","protected":false},"featured_media":79177,"template":"","meta":{"_joinchat":[]},"product_brand":[],"product_cat":[558],"product_tag":[],"class_list":{"0":"post-79175","1":"product","2":"type-product","3":"status-publish","4":"has-post-thumbnail","6":"product_cat-books-en","8":"first","9":"instock","10":"taxable","11":"shipping-taxable","12":"product-type-simple"},"yoast_head":"<!-- This site is optimized with the Yoast SEO plugin v26.3 - https:\/\/yoast.com\/wordpress\/plugins\/seo\/ -->\n<title>Nonsense: selected - \u00c1gua Lusa - Artes de Alcoba\u00e7a<\/title>\n<meta name=\"robots\" content=\"index, follow, max-snippet:-1, max-image-preview:large, max-video-preview:-1\" \/>\n<link rel=\"canonical\" href=\"https:\/\/agualusaartes.pt\/en\/product\/my-heart-selected-poems-copia\/\" \/>\n<meta property=\"og:locale\" content=\"en_US\" \/>\n<meta property=\"og:type\" content=\"article\" \/>\n<meta property=\"og:title\" content=\"Nonsense: selected - \u00c1gua Lusa - Artes de Alcoba\u00e7a\" \/>\n<meta property=\"og:description\" content=\"In 1846, Edward Lear published A Book of Nonsense. This was followed by Nonsense Songs, Stories, Botany and Alphabets (1871; included the nonsense song The Owl and the Pussycat, written for the children of his patron, the Earl of Derby), More Nonsense, Pictures, Rhymes, Botany, etc. (1872) and Laughable Lyrics (1877). A cross-section of Lear&#039;s unique nonsense humor is presented in this edition, along with his illustrations.  Language: English &nbsp;\" \/>\n<meta property=\"og:url\" content=\"https:\/\/agualusaartes.pt\/en\/product\/my-heart-selected-poems-copia\/\" \/>\n<meta property=\"og:site_name\" content=\"\u00c1gua Lusa - Artes de Alcoba\u00e7a\" \/>\n<meta property=\"article:publisher\" content=\"https:\/\/www.facebook.com\/agualusaartes\" \/>\n<meta property=\"article:modified_time\" content=\"2025-04-03T17:22:17+00:00\" \/>\n<meta property=\"og:image\" content=\"https:\/\/agualusaartes.pt\/wp-content\/uploads\/2025\/04\/nonsense.webp\" \/>\n\t<meta property=\"og:image:width\" content=\"1200\" \/>\n\t<meta property=\"og:image:height\" content=\"1200\" \/>\n\t<meta property=\"og:image:type\" content=\"image\/webp\" \/>\n<meta name=\"twitter:card\" content=\"summary_large_image\" \/>\n<meta name=\"twitter:label1\" content=\"Est. reading time\" \/>\n\t<meta name=\"twitter:data1\" content=\"2 minutes\" \/>\n<script type=\"application\/ld+json\" class=\"yoast-schema-graph\">{\"@context\":\"https:\/\/schema.org\",\"@graph\":[{\"@type\":\"WebPage\",\"@id\":\"https:\/\/agualusaartes.pt\/en\/product\/my-heart-selected-poems-copia\/\",\"url\":\"https:\/\/agualusaartes.pt\/en\/product\/my-heart-selected-poems-copia\/\",\"name\":\"Nonsense: selected - \u00c1gua Lusa - Artes de Alcoba\u00e7a\",\"isPartOf\":{\"@id\":\"https:\/\/agualusaartes.pt\/en\/#website\"},\"primaryImageOfPage\":{\"@id\":\"https:\/\/agualusaartes.pt\/en\/product\/my-heart-selected-poems-copia\/#primaryimage\"},\"image\":{\"@id\":\"https:\/\/agualusaartes.pt\/en\/product\/my-heart-selected-poems-copia\/#primaryimage\"},\"thumbnailUrl\":\"https:\/\/agualusaartes.pt\/wp-content\/uploads\/2025\/04\/nonsense.webp\",\"datePublished\":\"2025-04-03T17:10:01+00:00\",\"dateModified\":\"2025-04-03T17:22:17+00:00\",\"breadcrumb\":{\"@id\":\"https:\/\/agualusaartes.pt\/en\/product\/my-heart-selected-poems-copia\/#breadcrumb\"},\"inLanguage\":\"en-US\",\"potentialAction\":[{\"@type\":\"ReadAction\",\"target\":[\"https:\/\/agualusaartes.pt\/en\/product\/my-heart-selected-poems-copia\/\"]}]},{\"@type\":\"ImageObject\",\"inLanguage\":\"en-US\",\"@id\":\"https:\/\/agualusaartes.pt\/en\/product\/my-heart-selected-poems-copia\/#primaryimage\",\"url\":\"https:\/\/agualusaartes.pt\/wp-content\/uploads\/2025\/04\/nonsense.webp\",\"contentUrl\":\"https:\/\/agualusaartes.pt\/wp-content\/uploads\/2025\/04\/nonsense.webp\",\"width\":1200,\"height\":1200},{\"@type\":\"BreadcrumbList\",\"@id\":\"https:\/\/agualusaartes.pt\/en\/product\/my-heart-selected-poems-copia\/#breadcrumb\",\"itemListElement\":[{\"@type\":\"ListItem\",\"position\":1,\"name\":\"In\u00edcio\",\"item\":\"https:\/\/agualusaartes.pt\/en\/\"},{\"@type\":\"ListItem\",\"position\":2,\"name\":\"Store\",\"item\":\"https:\/\/agualusaartes.pt\/en\/shop\/\"},{\"@type\":\"ListItem\",\"position\":3,\"name\":\"Nonsense: selected\"}]},{\"@type\":\"WebSite\",\"@id\":\"https:\/\/agualusaartes.pt\/en\/#website\",\"url\":\"https:\/\/agualusaartes.pt\/en\/\",\"name\":\"\u00c1gua Lusa - Artes de Alcoba\u00e7a\",\"description\":\"\u00c1gua Lusa \u2013 Artes de Alcoba\u00e7a oferece artesanato portugu\u00eas aut\u00eantico, incluindo bolsas, bijuterias e cer\u00e2micas Bordallo Pinheiro. Descubra a tradi\u00e7\u00e3o de Portugal com pe\u00e7as \u00fanicas e feitas \u00e0 m\u00e3o.\",\"publisher\":{\"@id\":\"https:\/\/agualusaartes.pt\/en\/#organization\"},\"alternateName\":\"\u00c1gua Lusa - Artes de Alcoba\u00e7a\",\"potentialAction\":[{\"@type\":\"SearchAction\",\"target\":{\"@type\":\"EntryPoint\",\"urlTemplate\":\"https:\/\/agualusaartes.pt\/en\/?s={search_term_string}\"},\"query-input\":{\"@type\":\"PropertyValueSpecification\",\"valueRequired\":true,\"valueName\":\"search_term_string\"}}],\"inLanguage\":\"en-US\"},{\"@type\":\"Organization\",\"@id\":\"https:\/\/agualusaartes.pt\/en\/#organization\",\"name\":\"\u00c1gua Lusa - Artes de Alcoba\u00e7a\",\"alternateName\":\"\u00c1gua Lusa - Artes de Alcoba\u00e7a\",\"url\":\"https:\/\/agualusaartes.pt\/en\/\",\"logo\":{\"@type\":\"ImageObject\",\"inLanguage\":\"en-US\",\"@id\":\"https:\/\/agualusaartes.pt\/en\/#\/schema\/logo\/image\/\",\"url\":\"https:\/\/agualusaartes.pt\/wp-content\/uploads\/2024\/05\/Webp.net-resizeimage.png\",\"contentUrl\":\"https:\/\/agualusaartes.pt\/wp-content\/uploads\/2024\/05\/Webp.net-resizeimage.png\",\"width\":300,\"height\":135,\"caption\":\"\u00c1gua Lusa - Artes de Alcoba\u00e7a\"},\"image\":{\"@id\":\"https:\/\/agualusaartes.pt\/en\/#\/schema\/logo\/image\/\"},\"sameAs\":[\"https:\/\/www.facebook.com\/agualusaartes\",\"https:\/\/www.instagram.com\/agualusaartes\/\"]}]}<\/script>\n<!-- \/ Yoast SEO plugin. -->","yoast_head_json":{"title":"Nonsense: selected - \u00c1gua Lusa - Artes de Alcoba\u00e7a","robots":{"index":"index","follow":"follow","max-snippet":"max-snippet:-1","max-image-preview":"max-image-preview:large","max-video-preview":"max-video-preview:-1"},"canonical":"https:\/\/agualusaartes.pt\/en\/product\/my-heart-selected-poems-copia\/","og_locale":"en_US","og_type":"article","og_title":"Nonsense: selected - \u00c1gua Lusa - Artes de Alcoba\u00e7a","og_description":"In 1846, Edward Lear published A Book of Nonsense. This was followed by Nonsense Songs, Stories, Botany and Alphabets (1871; included the nonsense song The Owl and the Pussycat, written for the children of his patron, the Earl of Derby), More Nonsense, Pictures, Rhymes, Botany, etc. (1872) and Laughable Lyrics (1877). A cross-section of Lear's unique nonsense humor is presented in this edition, along with his illustrations.  Language: English &nbsp;","og_url":"https:\/\/agualusaartes.pt\/en\/product\/my-heart-selected-poems-copia\/","og_site_name":"\u00c1gua Lusa - Artes de Alcoba\u00e7a","article_publisher":"https:\/\/www.facebook.com\/agualusaartes","article_modified_time":"2025-04-03T17:22:17+00:00","og_image":[{"width":1200,"height":1200,"url":"https:\/\/agualusaartes.pt\/wp-content\/uploads\/2025\/04\/nonsense.webp","type":"image\/webp"}],"twitter_card":"summary_large_image","twitter_misc":{"Est. reading time":"2 minutes"},"schema":{"@context":"https:\/\/schema.org","@graph":[{"@type":"WebPage","@id":"https:\/\/agualusaartes.pt\/en\/product\/my-heart-selected-poems-copia\/","url":"https:\/\/agualusaartes.pt\/en\/product\/my-heart-selected-poems-copia\/","name":"Nonsense: selected - \u00c1gua Lusa - Artes de Alcoba\u00e7a","isPartOf":{"@id":"https:\/\/agualusaartes.pt\/en\/#website"},"primaryImageOfPage":{"@id":"https:\/\/agualusaartes.pt\/en\/product\/my-heart-selected-poems-copia\/#primaryimage"},"image":{"@id":"https:\/\/agualusaartes.pt\/en\/product\/my-heart-selected-poems-copia\/#primaryimage"},"thumbnailUrl":"https:\/\/agualusaartes.pt\/wp-content\/uploads\/2025\/04\/nonsense.webp","datePublished":"2025-04-03T17:10:01+00:00","dateModified":"2025-04-03T17:22:17+00:00","breadcrumb":{"@id":"https:\/\/agualusaartes.pt\/en\/product\/my-heart-selected-poems-copia\/#breadcrumb"},"inLanguage":"en-US","potentialAction":[{"@type":"ReadAction","target":["https:\/\/agualusaartes.pt\/en\/product\/my-heart-selected-poems-copia\/"]}]},{"@type":"ImageObject","inLanguage":"en-US","@id":"https:\/\/agualusaartes.pt\/en\/product\/my-heart-selected-poems-copia\/#primaryimage","url":"https:\/\/agualusaartes.pt\/wp-content\/uploads\/2025\/04\/nonsense.webp","contentUrl":"https:\/\/agualusaartes.pt\/wp-content\/uploads\/2025\/04\/nonsense.webp","width":1200,"height":1200},{"@type":"BreadcrumbList","@id":"https:\/\/agualusaartes.pt\/en\/product\/my-heart-selected-poems-copia\/#breadcrumb","itemListElement":[{"@type":"ListItem","position":1,"name":"In\u00edcio","item":"https:\/\/agualusaartes.pt\/en\/"},{"@type":"ListItem","position":2,"name":"Store","item":"https:\/\/agualusaartes.pt\/en\/shop\/"},{"@type":"ListItem","position":3,"name":"Nonsense: selected"}]},{"@type":"WebSite","@id":"https:\/\/agualusaartes.pt\/en\/#website","url":"https:\/\/agualusaartes.pt\/en\/","name":"\u00c1gua Lusa - Artes de Alcoba\u00e7a","description":"\u00c1gua Lusa \u2013 Artes de Alcoba\u00e7a oferece artesanato portugu\u00eas aut\u00eantico, incluindo bolsas, bijuterias e cer\u00e2micas Bordallo Pinheiro. Descubra a tradi\u00e7\u00e3o de Portugal com pe\u00e7as \u00fanicas e feitas \u00e0 m\u00e3o.","publisher":{"@id":"https:\/\/agualusaartes.pt\/en\/#organization"},"alternateName":"\u00c1gua Lusa - Artes de Alcoba\u00e7a","potentialAction":[{"@type":"SearchAction","target":{"@type":"EntryPoint","urlTemplate":"https:\/\/agualusaartes.pt\/en\/?s={search_term_string}"},"query-input":{"@type":"PropertyValueSpecification","valueRequired":true,"valueName":"search_term_string"}}],"inLanguage":"en-US"},{"@type":"Organization","@id":"https:\/\/agualusaartes.pt\/en\/#organization","name":"\u00c1gua Lusa - Artes de Alcoba\u00e7a","alternateName":"\u00c1gua Lusa - Artes de Alcoba\u00e7a","url":"https:\/\/agualusaartes.pt\/en\/","logo":{"@type":"ImageObject","inLanguage":"en-US","@id":"https:\/\/agualusaartes.pt\/en\/#\/schema\/logo\/image\/","url":"https:\/\/agualusaartes.pt\/wp-content\/uploads\/2024\/05\/Webp.net-resizeimage.png","contentUrl":"https:\/\/agualusaartes.pt\/wp-content\/uploads\/2024\/05\/Webp.net-resizeimage.png","width":300,"height":135,"caption":"\u00c1gua Lusa - Artes de Alcoba\u00e7a"},"image":{"@id":"https:\/\/agualusaartes.pt\/en\/#\/schema\/logo\/image\/"},"sameAs":["https:\/\/www.facebook.com\/agualusaartes","https:\/\/www.instagram.com\/agualusaartes\/"]}]}},"_links":{"self":[{"href":"https:\/\/agualusaartes.pt\/en\/wp-json\/wp\/v2\/product\/79175","targetHints":{"allow":["GET"]}}],"collection":[{"href":"https:\/\/agualusaartes.pt\/en\/wp-json\/wp\/v2\/product"}],"about":[{"href":"https:\/\/agualusaartes.pt\/en\/wp-json\/wp\/v2\/types\/product"}],"wp:featuredmedia":[{"embeddable":true,"href":"https:\/\/agualusaartes.pt\/en\/wp-json\/wp\/v2\/media\/79177"}],"wp:attachment":[{"href":"https:\/\/agualusaartes.pt\/en\/wp-json\/wp\/v2\/media?parent=79175"}],"wp:term":[{"taxonomy":"product_brand","embeddable":true,"href":"https:\/\/agualusaartes.pt\/en\/wp-json\/wp\/v2\/product_brand?post=79175"},{"taxonomy":"product_cat","embeddable":true,"href":"https:\/\/agualusaartes.pt\/en\/wp-json\/wp\/v2\/product_cat?post=79175"},{"taxonomy":"product_tag","embeddable":true,"href":"https:\/\/agualusaartes.pt\/en\/wp-json\/wp\/v2\/product_tag?post=79175"}],"curies":[{"name":"wp","href":"https:\/\/api.w.org\/{rel}","templated":true}]}}