{"id":79171,"date":"2025-04-03T16:45:57","date_gmt":"2025-04-03T16:45:57","guid":{"rendered":"https:\/\/agualusaartes.pt\/?post_type=product&#038;p=79171"},"modified":"2025-04-03T17:05:43","modified_gmt":"2025-04-03T17:05:43","slug":"no-coward-soul-is-mine-selected-poems-copia-2","status":"publish","type":"product","link":"https:\/\/agualusaartes.pt\/en\/product\/no-coward-soul-is-mine-selected-poems-copia-2\/","title":{"rendered":"My Heart: selected poems"},"content":{"rendered":"<div>Edna St. Vincent Millay (1892-1950) was a respected poet and feminist figure in the 1920s. She grew up in Maine, in a liberal home with her two sisters and divorced mother. From 1906, she had poems published in the famous children\u2019s magazine St. Nicholas. Her fame took off at the early age of 20 when her poetry was included in The Lyric Year \u2014 bringing Millay to the attention of the benefactor who endorsed her education at Vassar College. She graduated in 1917 and moved to New York where she made a living by writing mass-appeal verse and short stories for magazines, under the pseudonym Nancy Boyd. In 1920, her work appeared in Vanity Fair. When she started suffering increasing fatigue, she was offered to go to Europe on a regular salary. She went to France in 1921, but became pregnant and moved back to New England, where her mother helped her with abortion. She married in 1923 and moved to a farmhouse in Austerlitz in 1925. During the 30s her popularity declined while she focused on supporting the war effort and on writing propaganda verse. She died of a heart attack in 1950, one year after her husband\u2019s death.          <\/div>\n<div>During her lifetime she published numerous poetry collections and dramatic works, including an opera libretto. She is most known for her poetry from the interwar period; the poem The Ballad of the Harp-Weaver (1923) made her the second person and first woman to win the Pulitzer Prize for Poetry. Her war writings include the collection Make Bright the Arrows (1940) and the ballad The Murder of Lidice (1942).  <\/div>\n<div>This edition presents a selection of poems from four poetry collections: A Few Figs from Thistles: Poems and Four Sonnets (1921), Second April (1921), The Harp-Weaver and other poems (1923), and The Buck in the Snow and other poems (1928).<\/div>\n<p>Collection: Discover the Classics<\/p>\n<p>Author: Edna St. Vincent Millay<\/p>\n<p>Language: English<\/p>\n<p>Measurements: 120&#215;182 mm (softcover)<\/p>\n<p>Pages: 124<\/p>\n<p>Publisher: TEGNER-publishing, Lda<\/p>\n<p>Chancela: CARRACK books<\/p>\n<p>First edition: November 2024<\/p>\n","protected":false},"excerpt":{"rendered":"<p>This edition presents a selection of poems from four collections of poetry by Edna St. Vincent Millay: A Few Figs from Thistles: Poems and Four Sonnets (1921), Second April (1921), The Harp-Weaver and other poems (1923), and The Buck in the Snow and other poems (1928).<\/p>\n<p>Language: English<\/p>\n<p>&nbsp;<\/p>\n","protected":false},"featured_media":79173,"template":"","meta":{"_joinchat":[]},"product_brand":[],"product_cat":[558],"product_tag":[],"class_list":{"0":"post-79171","1":"product","2":"type-product","3":"status-publish","4":"has-post-thumbnail","6":"product_cat-books-en","8":"first","9":"instock","10":"taxable","11":"shipping-taxable","12":"product-type-simple"},"yoast_head":"<!-- This site is optimized with the Yoast SEO plugin v26.3 - https:\/\/yoast.com\/wordpress\/plugins\/seo\/ -->\n<title>My Heart: selected poems - \u00c1gua Lusa - Artes de Alcoba\u00e7a<\/title>\n<meta name=\"robots\" content=\"index, follow, max-snippet:-1, max-image-preview:large, max-video-preview:-1\" \/>\n<link rel=\"canonical\" href=\"https:\/\/agualusaartes.pt\/en\/product\/no-coward-soul-is-mine-selected-poems-copia-2\/\" \/>\n<meta property=\"og:locale\" content=\"en_US\" \/>\n<meta property=\"og:type\" content=\"article\" \/>\n<meta property=\"og:title\" content=\"My Heart: selected poems - \u00c1gua Lusa - Artes de Alcoba\u00e7a\" \/>\n<meta property=\"og:description\" content=\"This edition presents a selection of poems from four collections of poetry by Edna St. Vincent Millay: A Few Figs from Thistles: Poems and Four Sonnets (1921), Second April (1921), The Harp-Weaver and other poems (1923), and The Buck in the Snow and other poems (1928). Language: English &nbsp;\" \/>\n<meta property=\"og:url\" content=\"https:\/\/agualusaartes.pt\/en\/product\/no-coward-soul-is-mine-selected-poems-copia-2\/\" \/>\n<meta property=\"og:site_name\" content=\"\u00c1gua Lusa - Artes de Alcoba\u00e7a\" \/>\n<meta property=\"article:publisher\" content=\"https:\/\/www.facebook.com\/agualusaartes\" \/>\n<meta property=\"article:modified_time\" content=\"2025-04-03T17:05:43+00:00\" \/>\n<meta property=\"og:image\" content=\"https:\/\/agualusaartes.pt\/wp-content\/uploads\/2025\/04\/my-heart.webp\" \/>\n\t<meta property=\"og:image:width\" content=\"1200\" \/>\n\t<meta property=\"og:image:height\" content=\"1200\" \/>\n\t<meta property=\"og:image:type\" content=\"image\/webp\" \/>\n<meta name=\"twitter:card\" content=\"summary_large_image\" \/>\n<meta name=\"twitter:label1\" content=\"Est. reading time\" \/>\n\t<meta name=\"twitter:data1\" content=\"2 minutes\" \/>\n<script type=\"application\/ld+json\" class=\"yoast-schema-graph\">{\"@context\":\"https:\/\/schema.org\",\"@graph\":[{\"@type\":\"WebPage\",\"@id\":\"https:\/\/agualusaartes.pt\/en\/product\/no-coward-soul-is-mine-selected-poems-copia-2\/\",\"url\":\"https:\/\/agualusaartes.pt\/en\/product\/no-coward-soul-is-mine-selected-poems-copia-2\/\",\"name\":\"My Heart: selected poems - \u00c1gua Lusa - Artes de Alcoba\u00e7a\",\"isPartOf\":{\"@id\":\"https:\/\/agualusaartes.pt\/en\/#website\"},\"primaryImageOfPage\":{\"@id\":\"https:\/\/agualusaartes.pt\/en\/product\/no-coward-soul-is-mine-selected-poems-copia-2\/#primaryimage\"},\"image\":{\"@id\":\"https:\/\/agualusaartes.pt\/en\/product\/no-coward-soul-is-mine-selected-poems-copia-2\/#primaryimage\"},\"thumbnailUrl\":\"https:\/\/agualusaartes.pt\/wp-content\/uploads\/2025\/04\/my-heart.webp\",\"datePublished\":\"2025-04-03T16:45:57+00:00\",\"dateModified\":\"2025-04-03T17:05:43+00:00\",\"breadcrumb\":{\"@id\":\"https:\/\/agualusaartes.pt\/en\/product\/no-coward-soul-is-mine-selected-poems-copia-2\/#breadcrumb\"},\"inLanguage\":\"en-US\",\"potentialAction\":[{\"@type\":\"ReadAction\",\"target\":[\"https:\/\/agualusaartes.pt\/en\/product\/no-coward-soul-is-mine-selected-poems-copia-2\/\"]}]},{\"@type\":\"ImageObject\",\"inLanguage\":\"en-US\",\"@id\":\"https:\/\/agualusaartes.pt\/en\/product\/no-coward-soul-is-mine-selected-poems-copia-2\/#primaryimage\",\"url\":\"https:\/\/agualusaartes.pt\/wp-content\/uploads\/2025\/04\/my-heart.webp\",\"contentUrl\":\"https:\/\/agualusaartes.pt\/wp-content\/uploads\/2025\/04\/my-heart.webp\",\"width\":1200,\"height\":1200},{\"@type\":\"BreadcrumbList\",\"@id\":\"https:\/\/agualusaartes.pt\/en\/product\/no-coward-soul-is-mine-selected-poems-copia-2\/#breadcrumb\",\"itemListElement\":[{\"@type\":\"ListItem\",\"position\":1,\"name\":\"In\u00edcio\",\"item\":\"https:\/\/agualusaartes.pt\/en\/\"},{\"@type\":\"ListItem\",\"position\":2,\"name\":\"Store\",\"item\":\"https:\/\/agualusaartes.pt\/en\/shop\/\"},{\"@type\":\"ListItem\",\"position\":3,\"name\":\"My Heart: selected poems\"}]},{\"@type\":\"WebSite\",\"@id\":\"https:\/\/agualusaartes.pt\/en\/#website\",\"url\":\"https:\/\/agualusaartes.pt\/en\/\",\"name\":\"\u00c1gua Lusa - Artes de Alcoba\u00e7a\",\"description\":\"\u00c1gua Lusa \u2013 Artes de Alcoba\u00e7a oferece artesanato portugu\u00eas aut\u00eantico, incluindo bolsas, bijuterias e cer\u00e2micas Bordallo Pinheiro. Descubra a tradi\u00e7\u00e3o de Portugal com pe\u00e7as \u00fanicas e feitas \u00e0 m\u00e3o.\",\"publisher\":{\"@id\":\"https:\/\/agualusaartes.pt\/en\/#organization\"},\"alternateName\":\"\u00c1gua Lusa - Artes de Alcoba\u00e7a\",\"potentialAction\":[{\"@type\":\"SearchAction\",\"target\":{\"@type\":\"EntryPoint\",\"urlTemplate\":\"https:\/\/agualusaartes.pt\/en\/?s={search_term_string}\"},\"query-input\":{\"@type\":\"PropertyValueSpecification\",\"valueRequired\":true,\"valueName\":\"search_term_string\"}}],\"inLanguage\":\"en-US\"},{\"@type\":\"Organization\",\"@id\":\"https:\/\/agualusaartes.pt\/en\/#organization\",\"name\":\"\u00c1gua Lusa - Artes de Alcoba\u00e7a\",\"alternateName\":\"\u00c1gua Lusa - Artes de Alcoba\u00e7a\",\"url\":\"https:\/\/agualusaartes.pt\/en\/\",\"logo\":{\"@type\":\"ImageObject\",\"inLanguage\":\"en-US\",\"@id\":\"https:\/\/agualusaartes.pt\/en\/#\/schema\/logo\/image\/\",\"url\":\"https:\/\/agualusaartes.pt\/wp-content\/uploads\/2024\/05\/Webp.net-resizeimage.png\",\"contentUrl\":\"https:\/\/agualusaartes.pt\/wp-content\/uploads\/2024\/05\/Webp.net-resizeimage.png\",\"width\":300,\"height\":135,\"caption\":\"\u00c1gua Lusa - Artes de Alcoba\u00e7a\"},\"image\":{\"@id\":\"https:\/\/agualusaartes.pt\/en\/#\/schema\/logo\/image\/\"},\"sameAs\":[\"https:\/\/www.facebook.com\/agualusaartes\",\"https:\/\/www.instagram.com\/agualusaartes\/\"]}]}<\/script>\n<!-- \/ Yoast SEO plugin. -->","yoast_head_json":{"title":"My Heart: selected poems - \u00c1gua Lusa - Artes de Alcoba\u00e7a","robots":{"index":"index","follow":"follow","max-snippet":"max-snippet:-1","max-image-preview":"max-image-preview:large","max-video-preview":"max-video-preview:-1"},"canonical":"https:\/\/agualusaartes.pt\/en\/product\/no-coward-soul-is-mine-selected-poems-copia-2\/","og_locale":"en_US","og_type":"article","og_title":"My Heart: selected poems - \u00c1gua Lusa - Artes de Alcoba\u00e7a","og_description":"This edition presents a selection of poems from four collections of poetry by Edna St. Vincent Millay: A Few Figs from Thistles: Poems and Four Sonnets (1921), Second April (1921), The Harp-Weaver and other poems (1923), and The Buck in the Snow and other poems (1928). Language: English &nbsp;","og_url":"https:\/\/agualusaartes.pt\/en\/product\/no-coward-soul-is-mine-selected-poems-copia-2\/","og_site_name":"\u00c1gua Lusa - Artes de Alcoba\u00e7a","article_publisher":"https:\/\/www.facebook.com\/agualusaartes","article_modified_time":"2025-04-03T17:05:43+00:00","og_image":[{"width":1200,"height":1200,"url":"https:\/\/agualusaartes.pt\/wp-content\/uploads\/2025\/04\/my-heart.webp","type":"image\/webp"}],"twitter_card":"summary_large_image","twitter_misc":{"Est. reading time":"2 minutes"},"schema":{"@context":"https:\/\/schema.org","@graph":[{"@type":"WebPage","@id":"https:\/\/agualusaartes.pt\/en\/product\/no-coward-soul-is-mine-selected-poems-copia-2\/","url":"https:\/\/agualusaartes.pt\/en\/product\/no-coward-soul-is-mine-selected-poems-copia-2\/","name":"My Heart: selected poems - \u00c1gua Lusa - Artes de Alcoba\u00e7a","isPartOf":{"@id":"https:\/\/agualusaartes.pt\/en\/#website"},"primaryImageOfPage":{"@id":"https:\/\/agualusaartes.pt\/en\/product\/no-coward-soul-is-mine-selected-poems-copia-2\/#primaryimage"},"image":{"@id":"https:\/\/agualusaartes.pt\/en\/product\/no-coward-soul-is-mine-selected-poems-copia-2\/#primaryimage"},"thumbnailUrl":"https:\/\/agualusaartes.pt\/wp-content\/uploads\/2025\/04\/my-heart.webp","datePublished":"2025-04-03T16:45:57+00:00","dateModified":"2025-04-03T17:05:43+00:00","breadcrumb":{"@id":"https:\/\/agualusaartes.pt\/en\/product\/no-coward-soul-is-mine-selected-poems-copia-2\/#breadcrumb"},"inLanguage":"en-US","potentialAction":[{"@type":"ReadAction","target":["https:\/\/agualusaartes.pt\/en\/product\/no-coward-soul-is-mine-selected-poems-copia-2\/"]}]},{"@type":"ImageObject","inLanguage":"en-US","@id":"https:\/\/agualusaartes.pt\/en\/product\/no-coward-soul-is-mine-selected-poems-copia-2\/#primaryimage","url":"https:\/\/agualusaartes.pt\/wp-content\/uploads\/2025\/04\/my-heart.webp","contentUrl":"https:\/\/agualusaartes.pt\/wp-content\/uploads\/2025\/04\/my-heart.webp","width":1200,"height":1200},{"@type":"BreadcrumbList","@id":"https:\/\/agualusaartes.pt\/en\/product\/no-coward-soul-is-mine-selected-poems-copia-2\/#breadcrumb","itemListElement":[{"@type":"ListItem","position":1,"name":"In\u00edcio","item":"https:\/\/agualusaartes.pt\/en\/"},{"@type":"ListItem","position":2,"name":"Store","item":"https:\/\/agualusaartes.pt\/en\/shop\/"},{"@type":"ListItem","position":3,"name":"My Heart: selected poems"}]},{"@type":"WebSite","@id":"https:\/\/agualusaartes.pt\/en\/#website","url":"https:\/\/agualusaartes.pt\/en\/","name":"\u00c1gua Lusa - Artes de Alcoba\u00e7a","description":"\u00c1gua Lusa \u2013 Artes de Alcoba\u00e7a oferece artesanato portugu\u00eas aut\u00eantico, incluindo bolsas, bijuterias e cer\u00e2micas Bordallo Pinheiro. Descubra a tradi\u00e7\u00e3o de Portugal com pe\u00e7as \u00fanicas e feitas \u00e0 m\u00e3o.","publisher":{"@id":"https:\/\/agualusaartes.pt\/en\/#organization"},"alternateName":"\u00c1gua Lusa - Artes de Alcoba\u00e7a","potentialAction":[{"@type":"SearchAction","target":{"@type":"EntryPoint","urlTemplate":"https:\/\/agualusaartes.pt\/en\/?s={search_term_string}"},"query-input":{"@type":"PropertyValueSpecification","valueRequired":true,"valueName":"search_term_string"}}],"inLanguage":"en-US"},{"@type":"Organization","@id":"https:\/\/agualusaartes.pt\/en\/#organization","name":"\u00c1gua Lusa - Artes de Alcoba\u00e7a","alternateName":"\u00c1gua Lusa - Artes de Alcoba\u00e7a","url":"https:\/\/agualusaartes.pt\/en\/","logo":{"@type":"ImageObject","inLanguage":"en-US","@id":"https:\/\/agualusaartes.pt\/en\/#\/schema\/logo\/image\/","url":"https:\/\/agualusaartes.pt\/wp-content\/uploads\/2024\/05\/Webp.net-resizeimage.png","contentUrl":"https:\/\/agualusaartes.pt\/wp-content\/uploads\/2024\/05\/Webp.net-resizeimage.png","width":300,"height":135,"caption":"\u00c1gua Lusa - Artes de Alcoba\u00e7a"},"image":{"@id":"https:\/\/agualusaartes.pt\/en\/#\/schema\/logo\/image\/"},"sameAs":["https:\/\/www.facebook.com\/agualusaartes","https:\/\/www.instagram.com\/agualusaartes\/"]}]}},"_links":{"self":[{"href":"https:\/\/agualusaartes.pt\/en\/wp-json\/wp\/v2\/product\/79171","targetHints":{"allow":["GET"]}}],"collection":[{"href":"https:\/\/agualusaartes.pt\/en\/wp-json\/wp\/v2\/product"}],"about":[{"href":"https:\/\/agualusaartes.pt\/en\/wp-json\/wp\/v2\/types\/product"}],"wp:featuredmedia":[{"embeddable":true,"href":"https:\/\/agualusaartes.pt\/en\/wp-json\/wp\/v2\/media\/79173"}],"wp:attachment":[{"href":"https:\/\/agualusaartes.pt\/en\/wp-json\/wp\/v2\/media?parent=79171"}],"wp:term":[{"taxonomy":"product_brand","embeddable":true,"href":"https:\/\/agualusaartes.pt\/en\/wp-json\/wp\/v2\/product_brand?post=79171"},{"taxonomy":"product_cat","embeddable":true,"href":"https:\/\/agualusaartes.pt\/en\/wp-json\/wp\/v2\/product_cat?post=79171"},{"taxonomy":"product_tag","embeddable":true,"href":"https:\/\/agualusaartes.pt\/en\/wp-json\/wp\/v2\/product_tag?post=79171"}],"curies":[{"name":"wp","href":"https:\/\/api.w.org\/{rel}","templated":true}]}}