{"id":79157,"date":"2025-03-31T16:50:54","date_gmt":"2025-03-31T16:50:54","guid":{"rendered":"https:\/\/agualusaartes.pt\/?post_type=product&#038;p=79157"},"modified":"2025-03-31T17:07:49","modified_gmt":"2025-03-31T17:07:49","slug":"love-is-fire-selected-poems-copia-3","status":"publish","type":"product","link":"https:\/\/agualusaartes.pt\/en\/product\/love-is-fire-selected-poems-copia-3\/","title":{"rendered":"Times Change: Selected Poems"},"content":{"rendered":"<p>Lu\u00eds Vaz de Cam\u00f5es is, undoubtedly, the main figure in Lusophone literature. Little is known about his life. He was born around 1524, into a family of minor nobility. It is assumed that he studied in Coimbra under the guidance of his uncle D. Bento de Cam\u00f5es, having received a solid classical education. In Lisbon, from the beginning of the 40s, he would have frequented the Court as a noble knight and indulged in a bohemian and turbulent experience in the city streets. Around 1550 he spent two years in Ceuta where he lost his right eye in combat. He returned to Lisbon and left for the East in 1553 as a private soldier. He participated in military expeditions and was reportedly in Macau. On the return trip to India, he swims to safety with his manuscripts during a shipwreck at the mouth of the Mecom River. In 1568 he was in Mozambique, in a situation of poverty, and was helped by friends to return to Portugal. With the support of D. Manuel of Portugal, he managed to publish his epic poem The Lusiads in 1572. He died in Lisbon on June 10, 1580.<\/p>\n<p>Cam\u00f5es left us an extensive lyrical work (published posthumously with the title Rimas, 1595) where the Renaissance literary current intersects with the traditional forms of his time. In the compositions selected for this edition, Cam\u00f5es&#8217; poetic genius reflects on the world&#8217;s disarray, confronting his ideals with the experience of his troubled life, in an alternation between the essence of things and their appearance that culminates in a feeling of dissatisfaction and pessimism.<\/p>\n<p>This edition includes 3 poems in redondilha, the famous octaves to the disconcert of the world, 31 sonnets, a song and 15 stanzas from The Lusiads.<\/p>\n<p>Collection: Discovering the Classics<\/p>\n<p>Author: Lu\u00eds de Cam\u00f5es<\/p>\n<p>Language: Portuguese<\/p>\n<p>Measurements: 120&#215;182 mm (softcover)<\/p>\n<p>Pages: 124<\/p>\n<p>Publisher: TEGNER-publishing, Lda<\/p>\n<p>Chancela: CARRACK books<\/p>\n<p>First edition: April 2024<\/p>\n","protected":false},"excerpt":{"rendered":"<p>This edition includes 3 poems in redondilha, the famous octaves to the disconcert of the world, 31 sonnets, a song and 15 stanzas from Os Lus\u00edadas, by Lu\u00eds de Cam\u00f5es.<\/p>\n<p>Language: Portuguese<\/p>\n","protected":false},"featured_media":79159,"template":"","meta":{"_joinchat":[]},"product_brand":[],"product_cat":[558,499],"product_tag":[],"class_list":{"0":"post-79157","1":"product","2":"type-product","3":"status-publish","4":"has-post-thumbnail","6":"product_cat-books-en","7":"product_cat-books","9":"first","10":"instock","11":"taxable","12":"shipping-taxable","13":"product-type-simple"},"yoast_head":"<!-- This site is optimized with the Yoast SEO plugin v26.3 - https:\/\/yoast.com\/wordpress\/plugins\/seo\/ -->\n<title>Times Change: Selected Poems - \u00c1gua Lusa - Artes de Alcoba\u00e7a<\/title>\n<meta name=\"robots\" content=\"index, follow, max-snippet:-1, max-image-preview:large, max-video-preview:-1\" \/>\n<link rel=\"canonical\" href=\"https:\/\/agualusaartes.pt\/en\/product\/love-is-fire-selected-poems-copia-3\/\" \/>\n<meta property=\"og:locale\" content=\"en_US\" \/>\n<meta property=\"og:type\" content=\"article\" \/>\n<meta property=\"og:title\" content=\"Times Change: Selected Poems - \u00c1gua Lusa - Artes de Alcoba\u00e7a\" \/>\n<meta property=\"og:description\" content=\"This edition includes 3 poems in redondilha, the famous octaves to the disconcert of the world, 31 sonnets, a song and 15 stanzas from Os Lus\u00edadas, by Lu\u00eds de Cam\u00f5es. Language: Portuguese\" \/>\n<meta property=\"og:url\" content=\"https:\/\/agualusaartes.pt\/en\/product\/love-is-fire-selected-poems-copia-3\/\" \/>\n<meta property=\"og:site_name\" content=\"\u00c1gua Lusa - Artes de Alcoba\u00e7a\" \/>\n<meta property=\"article:publisher\" content=\"https:\/\/www.facebook.com\/agualusaartes\" \/>\n<meta property=\"article:modified_time\" content=\"2025-03-31T17:07:49+00:00\" \/>\n<meta property=\"og:image\" content=\"https:\/\/agualusaartes.pt\/wp-content\/uploads\/2025\/03\/mudam-se-os-tempos.webp\" \/>\n\t<meta property=\"og:image:width\" content=\"1200\" \/>\n\t<meta property=\"og:image:height\" content=\"1200\" \/>\n\t<meta property=\"og:image:type\" content=\"image\/webp\" \/>\n<meta name=\"twitter:card\" content=\"summary_large_image\" \/>\n<meta name=\"twitter:label1\" content=\"Est. reading time\" \/>\n\t<meta name=\"twitter:data1\" content=\"2 minutes\" \/>\n<script type=\"application\/ld+json\" class=\"yoast-schema-graph\">{\"@context\":\"https:\/\/schema.org\",\"@graph\":[{\"@type\":\"WebPage\",\"@id\":\"https:\/\/agualusaartes.pt\/en\/product\/love-is-fire-selected-poems-copia-3\/\",\"url\":\"https:\/\/agualusaartes.pt\/en\/product\/love-is-fire-selected-poems-copia-3\/\",\"name\":\"Times Change: Selected Poems - \u00c1gua Lusa - Artes de Alcoba\u00e7a\",\"isPartOf\":{\"@id\":\"https:\/\/agualusaartes.pt\/en\/#website\"},\"primaryImageOfPage\":{\"@id\":\"https:\/\/agualusaartes.pt\/en\/product\/love-is-fire-selected-poems-copia-3\/#primaryimage\"},\"image\":{\"@id\":\"https:\/\/agualusaartes.pt\/en\/product\/love-is-fire-selected-poems-copia-3\/#primaryimage\"},\"thumbnailUrl\":\"https:\/\/agualusaartes.pt\/wp-content\/uploads\/2025\/03\/mudam-se-os-tempos.webp\",\"datePublished\":\"2025-03-31T16:50:54+00:00\",\"dateModified\":\"2025-03-31T17:07:49+00:00\",\"breadcrumb\":{\"@id\":\"https:\/\/agualusaartes.pt\/en\/product\/love-is-fire-selected-poems-copia-3\/#breadcrumb\"},\"inLanguage\":\"en-US\",\"potentialAction\":[{\"@type\":\"ReadAction\",\"target\":[\"https:\/\/agualusaartes.pt\/en\/product\/love-is-fire-selected-poems-copia-3\/\"]}]},{\"@type\":\"ImageObject\",\"inLanguage\":\"en-US\",\"@id\":\"https:\/\/agualusaartes.pt\/en\/product\/love-is-fire-selected-poems-copia-3\/#primaryimage\",\"url\":\"https:\/\/agualusaartes.pt\/wp-content\/uploads\/2025\/03\/mudam-se-os-tempos.webp\",\"contentUrl\":\"https:\/\/agualusaartes.pt\/wp-content\/uploads\/2025\/03\/mudam-se-os-tempos.webp\",\"width\":1200,\"height\":1200},{\"@type\":\"BreadcrumbList\",\"@id\":\"https:\/\/agualusaartes.pt\/en\/product\/love-is-fire-selected-poems-copia-3\/#breadcrumb\",\"itemListElement\":[{\"@type\":\"ListItem\",\"position\":1,\"name\":\"In\u00edcio\",\"item\":\"https:\/\/agualusaartes.pt\/en\/\"},{\"@type\":\"ListItem\",\"position\":2,\"name\":\"Store\",\"item\":\"https:\/\/agualusaartes.pt\/en\/shop\/\"},{\"@type\":\"ListItem\",\"position\":3,\"name\":\"Times Change: Selected Poems\"}]},{\"@type\":\"WebSite\",\"@id\":\"https:\/\/agualusaartes.pt\/en\/#website\",\"url\":\"https:\/\/agualusaartes.pt\/en\/\",\"name\":\"\u00c1gua Lusa - Artes de Alcoba\u00e7a\",\"description\":\"\u00c1gua Lusa \u2013 Artes de Alcoba\u00e7a oferece artesanato portugu\u00eas aut\u00eantico, incluindo bolsas, bijuterias e cer\u00e2micas Bordallo Pinheiro. Descubra a tradi\u00e7\u00e3o de Portugal com pe\u00e7as \u00fanicas e feitas \u00e0 m\u00e3o.\",\"publisher\":{\"@id\":\"https:\/\/agualusaartes.pt\/en\/#organization\"},\"alternateName\":\"\u00c1gua Lusa - Artes de Alcoba\u00e7a\",\"potentialAction\":[{\"@type\":\"SearchAction\",\"target\":{\"@type\":\"EntryPoint\",\"urlTemplate\":\"https:\/\/agualusaartes.pt\/en\/?s={search_term_string}\"},\"query-input\":{\"@type\":\"PropertyValueSpecification\",\"valueRequired\":true,\"valueName\":\"search_term_string\"}}],\"inLanguage\":\"en-US\"},{\"@type\":\"Organization\",\"@id\":\"https:\/\/agualusaartes.pt\/en\/#organization\",\"name\":\"\u00c1gua Lusa - Artes de Alcoba\u00e7a\",\"alternateName\":\"\u00c1gua Lusa - Artes de Alcoba\u00e7a\",\"url\":\"https:\/\/agualusaartes.pt\/en\/\",\"logo\":{\"@type\":\"ImageObject\",\"inLanguage\":\"en-US\",\"@id\":\"https:\/\/agualusaartes.pt\/en\/#\/schema\/logo\/image\/\",\"url\":\"https:\/\/agualusaartes.pt\/wp-content\/uploads\/2024\/05\/Webp.net-resizeimage.png\",\"contentUrl\":\"https:\/\/agualusaartes.pt\/wp-content\/uploads\/2024\/05\/Webp.net-resizeimage.png\",\"width\":300,\"height\":135,\"caption\":\"\u00c1gua Lusa - Artes de Alcoba\u00e7a\"},\"image\":{\"@id\":\"https:\/\/agualusaartes.pt\/en\/#\/schema\/logo\/image\/\"},\"sameAs\":[\"https:\/\/www.facebook.com\/agualusaartes\",\"https:\/\/www.instagram.com\/agualusaartes\/\"]}]}<\/script>\n<!-- \/ Yoast SEO plugin. -->","yoast_head_json":{"title":"Times Change: Selected Poems - \u00c1gua Lusa - Artes de Alcoba\u00e7a","robots":{"index":"index","follow":"follow","max-snippet":"max-snippet:-1","max-image-preview":"max-image-preview:large","max-video-preview":"max-video-preview:-1"},"canonical":"https:\/\/agualusaartes.pt\/en\/product\/love-is-fire-selected-poems-copia-3\/","og_locale":"en_US","og_type":"article","og_title":"Times Change: Selected Poems - \u00c1gua Lusa - Artes de Alcoba\u00e7a","og_description":"This edition includes 3 poems in redondilha, the famous octaves to the disconcert of the world, 31 sonnets, a song and 15 stanzas from Os Lus\u00edadas, by Lu\u00eds de Cam\u00f5es. Language: Portuguese","og_url":"https:\/\/agualusaartes.pt\/en\/product\/love-is-fire-selected-poems-copia-3\/","og_site_name":"\u00c1gua Lusa - Artes de Alcoba\u00e7a","article_publisher":"https:\/\/www.facebook.com\/agualusaartes","article_modified_time":"2025-03-31T17:07:49+00:00","og_image":[{"width":1200,"height":1200,"url":"https:\/\/agualusaartes.pt\/wp-content\/uploads\/2025\/03\/mudam-se-os-tempos.webp","type":"image\/webp"}],"twitter_card":"summary_large_image","twitter_misc":{"Est. reading time":"2 minutes"},"schema":{"@context":"https:\/\/schema.org","@graph":[{"@type":"WebPage","@id":"https:\/\/agualusaartes.pt\/en\/product\/love-is-fire-selected-poems-copia-3\/","url":"https:\/\/agualusaartes.pt\/en\/product\/love-is-fire-selected-poems-copia-3\/","name":"Times Change: Selected Poems - \u00c1gua Lusa - Artes de Alcoba\u00e7a","isPartOf":{"@id":"https:\/\/agualusaartes.pt\/en\/#website"},"primaryImageOfPage":{"@id":"https:\/\/agualusaartes.pt\/en\/product\/love-is-fire-selected-poems-copia-3\/#primaryimage"},"image":{"@id":"https:\/\/agualusaartes.pt\/en\/product\/love-is-fire-selected-poems-copia-3\/#primaryimage"},"thumbnailUrl":"https:\/\/agualusaartes.pt\/wp-content\/uploads\/2025\/03\/mudam-se-os-tempos.webp","datePublished":"2025-03-31T16:50:54+00:00","dateModified":"2025-03-31T17:07:49+00:00","breadcrumb":{"@id":"https:\/\/agualusaartes.pt\/en\/product\/love-is-fire-selected-poems-copia-3\/#breadcrumb"},"inLanguage":"en-US","potentialAction":[{"@type":"ReadAction","target":["https:\/\/agualusaartes.pt\/en\/product\/love-is-fire-selected-poems-copia-3\/"]}]},{"@type":"ImageObject","inLanguage":"en-US","@id":"https:\/\/agualusaartes.pt\/en\/product\/love-is-fire-selected-poems-copia-3\/#primaryimage","url":"https:\/\/agualusaartes.pt\/wp-content\/uploads\/2025\/03\/mudam-se-os-tempos.webp","contentUrl":"https:\/\/agualusaartes.pt\/wp-content\/uploads\/2025\/03\/mudam-se-os-tempos.webp","width":1200,"height":1200},{"@type":"BreadcrumbList","@id":"https:\/\/agualusaartes.pt\/en\/product\/love-is-fire-selected-poems-copia-3\/#breadcrumb","itemListElement":[{"@type":"ListItem","position":1,"name":"In\u00edcio","item":"https:\/\/agualusaartes.pt\/en\/"},{"@type":"ListItem","position":2,"name":"Store","item":"https:\/\/agualusaartes.pt\/en\/shop\/"},{"@type":"ListItem","position":3,"name":"Times Change: Selected Poems"}]},{"@type":"WebSite","@id":"https:\/\/agualusaartes.pt\/en\/#website","url":"https:\/\/agualusaartes.pt\/en\/","name":"\u00c1gua Lusa - Artes de Alcoba\u00e7a","description":"\u00c1gua Lusa \u2013 Artes de Alcoba\u00e7a oferece artesanato portugu\u00eas aut\u00eantico, incluindo bolsas, bijuterias e cer\u00e2micas Bordallo Pinheiro. Descubra a tradi\u00e7\u00e3o de Portugal com pe\u00e7as \u00fanicas e feitas \u00e0 m\u00e3o.","publisher":{"@id":"https:\/\/agualusaartes.pt\/en\/#organization"},"alternateName":"\u00c1gua Lusa - Artes de Alcoba\u00e7a","potentialAction":[{"@type":"SearchAction","target":{"@type":"EntryPoint","urlTemplate":"https:\/\/agualusaartes.pt\/en\/?s={search_term_string}"},"query-input":{"@type":"PropertyValueSpecification","valueRequired":true,"valueName":"search_term_string"}}],"inLanguage":"en-US"},{"@type":"Organization","@id":"https:\/\/agualusaartes.pt\/en\/#organization","name":"\u00c1gua Lusa - Artes de Alcoba\u00e7a","alternateName":"\u00c1gua Lusa - Artes de Alcoba\u00e7a","url":"https:\/\/agualusaartes.pt\/en\/","logo":{"@type":"ImageObject","inLanguage":"en-US","@id":"https:\/\/agualusaartes.pt\/en\/#\/schema\/logo\/image\/","url":"https:\/\/agualusaartes.pt\/wp-content\/uploads\/2024\/05\/Webp.net-resizeimage.png","contentUrl":"https:\/\/agualusaartes.pt\/wp-content\/uploads\/2024\/05\/Webp.net-resizeimage.png","width":300,"height":135,"caption":"\u00c1gua Lusa - Artes de Alcoba\u00e7a"},"image":{"@id":"https:\/\/agualusaartes.pt\/en\/#\/schema\/logo\/image\/"},"sameAs":["https:\/\/www.facebook.com\/agualusaartes","https:\/\/www.instagram.com\/agualusaartes\/"]}]}},"_links":{"self":[{"href":"https:\/\/agualusaartes.pt\/en\/wp-json\/wp\/v2\/product\/79157","targetHints":{"allow":["GET"]}}],"collection":[{"href":"https:\/\/agualusaartes.pt\/en\/wp-json\/wp\/v2\/product"}],"about":[{"href":"https:\/\/agualusaartes.pt\/en\/wp-json\/wp\/v2\/types\/product"}],"wp:featuredmedia":[{"embeddable":true,"href":"https:\/\/agualusaartes.pt\/en\/wp-json\/wp\/v2\/media\/79159"}],"wp:attachment":[{"href":"https:\/\/agualusaartes.pt\/en\/wp-json\/wp\/v2\/media?parent=79157"}],"wp:term":[{"taxonomy":"product_brand","embeddable":true,"href":"https:\/\/agualusaartes.pt\/en\/wp-json\/wp\/v2\/product_brand?post=79157"},{"taxonomy":"product_cat","embeddable":true,"href":"https:\/\/agualusaartes.pt\/en\/wp-json\/wp\/v2\/product_cat?post=79157"},{"taxonomy":"product_tag","embeddable":true,"href":"https:\/\/agualusaartes.pt\/en\/wp-json\/wp\/v2\/product_tag?post=79157"}],"curies":[{"name":"wp","href":"https:\/\/api.w.org\/{rel}","templated":true}]}}