{"id":79151,"date":"2025-03-29T18:11:38","date_gmt":"2025-03-29T18:11:38","guid":{"rendered":"https:\/\/agualusaartes.pt\/?post_type=product&#038;p=79151"},"modified":"2025-03-29T18:19:28","modified_gmt":"2025-03-29T18:19:28","slug":"living-hours-and-other-poems-copia","status":"publish","type":"product","link":"https:\/\/agualusaartes.pt\/en\/product\/living-hours-and-other-poems-copia\/","title":{"rendered":"Living Hours: and other poems (C\u00f3pia)"},"content":{"rendered":"<p>Joaquim Maria Machado de Assis was born on June 21, 1839, on the Livramento hill, Rio de Janeiro. The son of humble parents, he began his studies at a public school but never attended university. At just 15 years old, he published his first poem, Ela, in the newspaper Marmota Fluminense, and in 1856 he joined Tipografia Nacional as an apprentice typographer. At the age of twenty, Assis already had access to the literary and journalistic circles of Rio de Janeiro, and in 1860 he was called to work in the editorial office of the Di\u00e1rio do Rio de Janeiro. In addition to his intense literary activity, Assis held several public positions, having been librarian of the Sociedade Arc\u00e1dia Brasileira (1862) and founding member of Arc\u00e1dia Fluminense (1865). He received the title of Knight of the Order of the Rose in 1867, and the following year he married the Portuguese Carolina Xavier de Novais. In 1897 he became the first president of the Brazilian Academy of Letters. He died in Rio de Janeiro on September 29, 1908.       <\/p>\n<p>Machado de Assis is one of the great names in Brazilian literature. He wrote in the main literary genres, standing out as a prose writer in novels and short stories. His first books of poetry, Cris\u00e1lidas (1864) and Falenas (1870), still denote the influence of the romantic school, but in his last poetic work, Ocidentais (1901), the poet opts for a more reflective and philosophical path that already fits into the realist movement and the perfectionist paradigms of Parnassian poetry.  <\/p>\n<p>The 31 poems that make up this edition were selected from the collection Poesias Completas: Chrysalidas, Phalenas, Americanas, Occidentaes (1901).<\/p>\n<p>Collection: Discovering the Classics<\/p>\n<p>Author: Machado de Assis<\/p>\n<p>Language: Brazilian<\/p>\n<p>Measurements: 120&#215;182 mm (softcover)<\/p>\n<p>Pages: 120<\/p>\n<p>Publisher: TEGNER-publishing, Lda<\/p>\n<p>Chancela: CARRACK books<\/p>\n<p>First edition: December 2023<\/p>\n","protected":false},"excerpt":{"rendered":"<p>The 31 poems by Machado de Assis that are part of this edition were selected from the collection, Poesias Completas: Chrysalidas, Phalenas, Americanas, Occidentaes (1901)<\/p>\n<p>Language: Brazilian<\/p>\n","protected":false},"featured_media":79153,"template":"","meta":{"_joinchat":[]},"product_brand":[],"product_cat":[558],"product_tag":[],"class_list":{"0":"post-79151","1":"product","2":"type-product","3":"status-publish","4":"has-post-thumbnail","6":"product_cat-books-en","8":"first","9":"instock","10":"taxable","11":"shipping-taxable","12":"product-type-simple"},"yoast_head":"<!-- This site is optimized with the Yoast SEO plugin v26.3 - https:\/\/yoast.com\/wordpress\/plugins\/seo\/ -->\n<title>Living Hours: and other poems (C\u00f3pia) - \u00c1gua Lusa - Artes de Alcoba\u00e7a<\/title>\n<meta name=\"robots\" content=\"index, follow, max-snippet:-1, max-image-preview:large, max-video-preview:-1\" \/>\n<link rel=\"canonical\" href=\"https:\/\/agualusaartes.pt\/en\/product\/living-hours-and-other-poems-copia\/\" \/>\n<meta property=\"og:locale\" content=\"en_US\" \/>\n<meta property=\"og:type\" content=\"article\" \/>\n<meta property=\"og:title\" content=\"Living Hours: and other poems (C\u00f3pia) - \u00c1gua Lusa - Artes de Alcoba\u00e7a\" \/>\n<meta property=\"og:description\" content=\"The 31 poems by Machado de Assis that are part of this edition were selected from the collection, Poesias Completas: Chrysalidas, Phalenas, Americanas, Occidentaes (1901) Language: Brazilian\" \/>\n<meta property=\"og:url\" content=\"https:\/\/agualusaartes.pt\/en\/product\/living-hours-and-other-poems-copia\/\" \/>\n<meta property=\"og:site_name\" content=\"\u00c1gua Lusa - Artes de Alcoba\u00e7a\" \/>\n<meta property=\"article:publisher\" content=\"https:\/\/www.facebook.com\/agualusaartes\" \/>\n<meta property=\"article:modified_time\" content=\"2025-03-29T18:19:28+00:00\" \/>\n<meta property=\"og:image\" content=\"https:\/\/agualusaartes.pt\/wp-content\/uploads\/2025\/03\/broqueis.webp\" \/>\n\t<meta property=\"og:image:width\" content=\"1200\" \/>\n\t<meta property=\"og:image:height\" content=\"1200\" \/>\n\t<meta property=\"og:image:type\" content=\"image\/webp\" \/>\n<meta name=\"twitter:card\" content=\"summary_large_image\" \/>\n<meta name=\"twitter:label1\" content=\"Est. reading time\" \/>\n\t<meta name=\"twitter:data1\" content=\"1 minute\" \/>\n<script type=\"application\/ld+json\" class=\"yoast-schema-graph\">{\"@context\":\"https:\/\/schema.org\",\"@graph\":[{\"@type\":\"WebPage\",\"@id\":\"https:\/\/agualusaartes.pt\/en\/product\/living-hours-and-other-poems-copia\/\",\"url\":\"https:\/\/agualusaartes.pt\/en\/product\/living-hours-and-other-poems-copia\/\",\"name\":\"Living Hours: and other poems (C\u00f3pia) - \u00c1gua Lusa - Artes de Alcoba\u00e7a\",\"isPartOf\":{\"@id\":\"https:\/\/agualusaartes.pt\/en\/#website\"},\"primaryImageOfPage\":{\"@id\":\"https:\/\/agualusaartes.pt\/en\/product\/living-hours-and-other-poems-copia\/#primaryimage\"},\"image\":{\"@id\":\"https:\/\/agualusaartes.pt\/en\/product\/living-hours-and-other-poems-copia\/#primaryimage\"},\"thumbnailUrl\":\"https:\/\/agualusaartes.pt\/wp-content\/uploads\/2025\/03\/broqueis.webp\",\"datePublished\":\"2025-03-29T18:11:38+00:00\",\"dateModified\":\"2025-03-29T18:19:28+00:00\",\"breadcrumb\":{\"@id\":\"https:\/\/agualusaartes.pt\/en\/product\/living-hours-and-other-poems-copia\/#breadcrumb\"},\"inLanguage\":\"en-US\",\"potentialAction\":[{\"@type\":\"ReadAction\",\"target\":[\"https:\/\/agualusaartes.pt\/en\/product\/living-hours-and-other-poems-copia\/\"]}]},{\"@type\":\"ImageObject\",\"inLanguage\":\"en-US\",\"@id\":\"https:\/\/agualusaartes.pt\/en\/product\/living-hours-and-other-poems-copia\/#primaryimage\",\"url\":\"https:\/\/agualusaartes.pt\/wp-content\/uploads\/2025\/03\/broqueis.webp\",\"contentUrl\":\"https:\/\/agualusaartes.pt\/wp-content\/uploads\/2025\/03\/broqueis.webp\",\"width\":1200,\"height\":1200},{\"@type\":\"BreadcrumbList\",\"@id\":\"https:\/\/agualusaartes.pt\/en\/product\/living-hours-and-other-poems-copia\/#breadcrumb\",\"itemListElement\":[{\"@type\":\"ListItem\",\"position\":1,\"name\":\"In\u00edcio\",\"item\":\"https:\/\/agualusaartes.pt\/en\/\"},{\"@type\":\"ListItem\",\"position\":2,\"name\":\"Store\",\"item\":\"https:\/\/agualusaartes.pt\/en\/shop\/\"},{\"@type\":\"ListItem\",\"position\":3,\"name\":\"Living Hours: and other poems (C\u00f3pia)\"}]},{\"@type\":\"WebSite\",\"@id\":\"https:\/\/agualusaartes.pt\/en\/#website\",\"url\":\"https:\/\/agualusaartes.pt\/en\/\",\"name\":\"\u00c1gua Lusa - Artes de Alcoba\u00e7a\",\"description\":\"\u00c1gua Lusa \u2013 Artes de Alcoba\u00e7a oferece artesanato portugu\u00eas aut\u00eantico, incluindo bolsas, bijuterias e cer\u00e2micas Bordallo Pinheiro. Descubra a tradi\u00e7\u00e3o de Portugal com pe\u00e7as \u00fanicas e feitas \u00e0 m\u00e3o.\",\"publisher\":{\"@id\":\"https:\/\/agualusaartes.pt\/en\/#organization\"},\"alternateName\":\"\u00c1gua Lusa - Artes de Alcoba\u00e7a\",\"potentialAction\":[{\"@type\":\"SearchAction\",\"target\":{\"@type\":\"EntryPoint\",\"urlTemplate\":\"https:\/\/agualusaartes.pt\/en\/?s={search_term_string}\"},\"query-input\":{\"@type\":\"PropertyValueSpecification\",\"valueRequired\":true,\"valueName\":\"search_term_string\"}}],\"inLanguage\":\"en-US\"},{\"@type\":\"Organization\",\"@id\":\"https:\/\/agualusaartes.pt\/en\/#organization\",\"name\":\"\u00c1gua Lusa - Artes de Alcoba\u00e7a\",\"alternateName\":\"\u00c1gua Lusa - Artes de Alcoba\u00e7a\",\"url\":\"https:\/\/agualusaartes.pt\/en\/\",\"logo\":{\"@type\":\"ImageObject\",\"inLanguage\":\"en-US\",\"@id\":\"https:\/\/agualusaartes.pt\/en\/#\/schema\/logo\/image\/\",\"url\":\"https:\/\/agualusaartes.pt\/wp-content\/uploads\/2024\/05\/Webp.net-resizeimage.png\",\"contentUrl\":\"https:\/\/agualusaartes.pt\/wp-content\/uploads\/2024\/05\/Webp.net-resizeimage.png\",\"width\":300,\"height\":135,\"caption\":\"\u00c1gua Lusa - Artes de Alcoba\u00e7a\"},\"image\":{\"@id\":\"https:\/\/agualusaartes.pt\/en\/#\/schema\/logo\/image\/\"},\"sameAs\":[\"https:\/\/www.facebook.com\/agualusaartes\",\"https:\/\/www.instagram.com\/agualusaartes\/\"]}]}<\/script>\n<!-- \/ Yoast SEO plugin. -->","yoast_head_json":{"title":"Living Hours: and other poems (C\u00f3pia) - \u00c1gua Lusa - Artes de Alcoba\u00e7a","robots":{"index":"index","follow":"follow","max-snippet":"max-snippet:-1","max-image-preview":"max-image-preview:large","max-video-preview":"max-video-preview:-1"},"canonical":"https:\/\/agualusaartes.pt\/en\/product\/living-hours-and-other-poems-copia\/","og_locale":"en_US","og_type":"article","og_title":"Living Hours: and other poems (C\u00f3pia) - \u00c1gua Lusa - Artes de Alcoba\u00e7a","og_description":"The 31 poems by Machado de Assis that are part of this edition were selected from the collection, Poesias Completas: Chrysalidas, Phalenas, Americanas, Occidentaes (1901) Language: Brazilian","og_url":"https:\/\/agualusaartes.pt\/en\/product\/living-hours-and-other-poems-copia\/","og_site_name":"\u00c1gua Lusa - Artes de Alcoba\u00e7a","article_publisher":"https:\/\/www.facebook.com\/agualusaartes","article_modified_time":"2025-03-29T18:19:28+00:00","og_image":[{"width":1200,"height":1200,"url":"https:\/\/agualusaartes.pt\/wp-content\/uploads\/2025\/03\/broqueis.webp","type":"image\/webp"}],"twitter_card":"summary_large_image","twitter_misc":{"Est. reading time":"1 minute"},"schema":{"@context":"https:\/\/schema.org","@graph":[{"@type":"WebPage","@id":"https:\/\/agualusaartes.pt\/en\/product\/living-hours-and-other-poems-copia\/","url":"https:\/\/agualusaartes.pt\/en\/product\/living-hours-and-other-poems-copia\/","name":"Living Hours: and other poems (C\u00f3pia) - \u00c1gua Lusa - Artes de Alcoba\u00e7a","isPartOf":{"@id":"https:\/\/agualusaartes.pt\/en\/#website"},"primaryImageOfPage":{"@id":"https:\/\/agualusaartes.pt\/en\/product\/living-hours-and-other-poems-copia\/#primaryimage"},"image":{"@id":"https:\/\/agualusaartes.pt\/en\/product\/living-hours-and-other-poems-copia\/#primaryimage"},"thumbnailUrl":"https:\/\/agualusaartes.pt\/wp-content\/uploads\/2025\/03\/broqueis.webp","datePublished":"2025-03-29T18:11:38+00:00","dateModified":"2025-03-29T18:19:28+00:00","breadcrumb":{"@id":"https:\/\/agualusaartes.pt\/en\/product\/living-hours-and-other-poems-copia\/#breadcrumb"},"inLanguage":"en-US","potentialAction":[{"@type":"ReadAction","target":["https:\/\/agualusaartes.pt\/en\/product\/living-hours-and-other-poems-copia\/"]}]},{"@type":"ImageObject","inLanguage":"en-US","@id":"https:\/\/agualusaartes.pt\/en\/product\/living-hours-and-other-poems-copia\/#primaryimage","url":"https:\/\/agualusaartes.pt\/wp-content\/uploads\/2025\/03\/broqueis.webp","contentUrl":"https:\/\/agualusaartes.pt\/wp-content\/uploads\/2025\/03\/broqueis.webp","width":1200,"height":1200},{"@type":"BreadcrumbList","@id":"https:\/\/agualusaartes.pt\/en\/product\/living-hours-and-other-poems-copia\/#breadcrumb","itemListElement":[{"@type":"ListItem","position":1,"name":"In\u00edcio","item":"https:\/\/agualusaartes.pt\/en\/"},{"@type":"ListItem","position":2,"name":"Store","item":"https:\/\/agualusaartes.pt\/en\/shop\/"},{"@type":"ListItem","position":3,"name":"Living Hours: and other poems (C\u00f3pia)"}]},{"@type":"WebSite","@id":"https:\/\/agualusaartes.pt\/en\/#website","url":"https:\/\/agualusaartes.pt\/en\/","name":"\u00c1gua Lusa - Artes de Alcoba\u00e7a","description":"\u00c1gua Lusa \u2013 Artes de Alcoba\u00e7a oferece artesanato portugu\u00eas aut\u00eantico, incluindo bolsas, bijuterias e cer\u00e2micas Bordallo Pinheiro. Descubra a tradi\u00e7\u00e3o de Portugal com pe\u00e7as \u00fanicas e feitas \u00e0 m\u00e3o.","publisher":{"@id":"https:\/\/agualusaartes.pt\/en\/#organization"},"alternateName":"\u00c1gua Lusa - Artes de Alcoba\u00e7a","potentialAction":[{"@type":"SearchAction","target":{"@type":"EntryPoint","urlTemplate":"https:\/\/agualusaartes.pt\/en\/?s={search_term_string}"},"query-input":{"@type":"PropertyValueSpecification","valueRequired":true,"valueName":"search_term_string"}}],"inLanguage":"en-US"},{"@type":"Organization","@id":"https:\/\/agualusaartes.pt\/en\/#organization","name":"\u00c1gua Lusa - Artes de Alcoba\u00e7a","alternateName":"\u00c1gua Lusa - Artes de Alcoba\u00e7a","url":"https:\/\/agualusaartes.pt\/en\/","logo":{"@type":"ImageObject","inLanguage":"en-US","@id":"https:\/\/agualusaartes.pt\/en\/#\/schema\/logo\/image\/","url":"https:\/\/agualusaartes.pt\/wp-content\/uploads\/2024\/05\/Webp.net-resizeimage.png","contentUrl":"https:\/\/agualusaartes.pt\/wp-content\/uploads\/2024\/05\/Webp.net-resizeimage.png","width":300,"height":135,"caption":"\u00c1gua Lusa - Artes de Alcoba\u00e7a"},"image":{"@id":"https:\/\/agualusaartes.pt\/en\/#\/schema\/logo\/image\/"},"sameAs":["https:\/\/www.facebook.com\/agualusaartes","https:\/\/www.instagram.com\/agualusaartes\/"]}]}},"_links":{"self":[{"href":"https:\/\/agualusaartes.pt\/en\/wp-json\/wp\/v2\/product\/79151","targetHints":{"allow":["GET"]}}],"collection":[{"href":"https:\/\/agualusaartes.pt\/en\/wp-json\/wp\/v2\/product"}],"about":[{"href":"https:\/\/agualusaartes.pt\/en\/wp-json\/wp\/v2\/types\/product"}],"wp:featuredmedia":[{"embeddable":true,"href":"https:\/\/agualusaartes.pt\/en\/wp-json\/wp\/v2\/media\/79153"}],"wp:attachment":[{"href":"https:\/\/agualusaartes.pt\/en\/wp-json\/wp\/v2\/media?parent=79151"}],"wp:term":[{"taxonomy":"product_brand","embeddable":true,"href":"https:\/\/agualusaartes.pt\/en\/wp-json\/wp\/v2\/product_brand?post=79151"},{"taxonomy":"product_cat","embeddable":true,"href":"https:\/\/agualusaartes.pt\/en\/wp-json\/wp\/v2\/product_cat?post=79151"},{"taxonomy":"product_tag","embeddable":true,"href":"https:\/\/agualusaartes.pt\/en\/wp-json\/wp\/v2\/product_tag?post=79151"}],"curies":[{"name":"wp","href":"https:\/\/api.w.org\/{rel}","templated":true}]}}