{"id":74683,"date":"2024-06-14T22:45:37","date_gmt":"2024-06-14T22:45:37","guid":{"rendered":"https:\/\/agualusaartes.pt\/product\/lisbon-purse\/"},"modified":"2024-06-14T22:45:37","modified_gmt":"2024-06-14T22:45:37","slug":"lisbon-purse","status":"publish","type":"product","link":"https:\/\/agualusaartes.pt\/en\/product\/lisbon-purse\/","title":{"rendered":"Lisbon Purse"},"content":{"rendered":"<p>Handmade purse with images of Lisbon, the facades of houses, trams and monuments such as the Lisbon Cathedral and the Pantheon. Available in cotton fabric and plasticized cotton fabric on top. Purses that are laminated on top are waterproof on the inside. We also have a purse available from the same collection (See &#8220;Bags and Purses&#8221; &#8211; &#8220;Purses&#8221; &#8211; &#8220;Remembering Portugal&#8221;). Note: the purse you receive may contain different parts of the fabric from the bags in the photos. If you want the purse to have a certain part of the fabric\/design, you must indicate it; bags measuring 15x9cm (rounded corners) and 15.5x9cm are ideal for glasses as they are padded.<\/p>\n","protected":false},"excerpt":{"rendered":"<p>Handmade purse with images of Lisbon, the facades of houses, trams and monuments such as the Lisbon Cathedral and the Pantheon.<\/p>\n","protected":false},"featured_media":29846,"template":"","meta":{"_joinchat":[]},"product_brand":[],"product_cat":[454],"product_tag":[],"class_list":{"0":"post-74683","1":"product","2":"type-product","3":"status-publish","4":"has-post-thumbnail","6":"product_cat-remember-portugal","8":"first","9":"instock","10":"taxable","11":"shipping-taxable","12":"product-type-variable"},"yoast_head":"<!-- This site is optimized with the Yoast SEO plugin v26.3 - https:\/\/yoast.com\/wordpress\/plugins\/seo\/ -->\n<title>Lisbon Purse - \u00c1gua Lusa - Artes de Alcoba\u00e7a<\/title>\n<meta name=\"robots\" content=\"index, follow, max-snippet:-1, max-image-preview:large, max-video-preview:-1\" \/>\n<link rel=\"canonical\" href=\"https:\/\/agualusaartes.pt\/en\/product\/lisbon-purse\/\" \/>\n<meta property=\"og:locale\" content=\"en_US\" \/>\n<meta property=\"og:type\" content=\"article\" \/>\n<meta property=\"og:title\" content=\"Lisbon Purse - \u00c1gua Lusa - Artes de Alcoba\u00e7a\" \/>\n<meta property=\"og:description\" content=\"Handmade purse with images of Lisbon, the facades of houses, trams and monuments such as the Lisbon Cathedral and the Pantheon.\" \/>\n<meta property=\"og:url\" content=\"https:\/\/agualusaartes.pt\/en\/product\/lisbon-purse\/\" \/>\n<meta property=\"og:site_name\" content=\"\u00c1gua Lusa - Artes de Alcoba\u00e7a\" \/>\n<meta property=\"article:publisher\" content=\"https:\/\/www.facebook.com\/agualusaartes\" \/>\n<meta property=\"og:image\" content=\"https:\/\/agualusaartes.pt\/wp-content\/uploads\/2024\/06\/GT2BPT-9.jpg\" \/>\n\t<meta property=\"og:image:width\" content=\"540\" \/>\n\t<meta property=\"og:image:height\" content=\"540\" \/>\n\t<meta property=\"og:image:type\" content=\"image\/jpeg\" \/>\n<meta name=\"twitter:card\" content=\"summary_large_image\" \/>\n<meta name=\"twitter:label1\" content=\"Est. reading time\" \/>\n\t<meta name=\"twitter:data1\" content=\"1 minute\" \/>\n<script type=\"application\/ld+json\" class=\"yoast-schema-graph\">{\"@context\":\"https:\/\/schema.org\",\"@graph\":[{\"@type\":\"WebPage\",\"@id\":\"https:\/\/agualusaartes.pt\/en\/product\/lisbon-purse\/\",\"url\":\"https:\/\/agualusaartes.pt\/en\/product\/lisbon-purse\/\",\"name\":\"Lisbon Purse - \u00c1gua Lusa - Artes de Alcoba\u00e7a\",\"isPartOf\":{\"@id\":\"https:\/\/agualusaartes.pt\/en\/#website\"},\"primaryImageOfPage\":{\"@id\":\"https:\/\/agualusaartes.pt\/en\/product\/lisbon-purse\/#primaryimage\"},\"image\":{\"@id\":\"https:\/\/agualusaartes.pt\/en\/product\/lisbon-purse\/#primaryimage\"},\"thumbnailUrl\":\"https:\/\/agualusaartes.pt\/wp-content\/uploads\/2024\/06\/GT2BPT-9.jpg\",\"datePublished\":\"2024-06-14T22:45:37+00:00\",\"breadcrumb\":{\"@id\":\"https:\/\/agualusaartes.pt\/en\/product\/lisbon-purse\/#breadcrumb\"},\"inLanguage\":\"en-US\",\"potentialAction\":[{\"@type\":\"ReadAction\",\"target\":[\"https:\/\/agualusaartes.pt\/en\/product\/lisbon-purse\/\"]}]},{\"@type\":\"ImageObject\",\"inLanguage\":\"en-US\",\"@id\":\"https:\/\/agualusaartes.pt\/en\/product\/lisbon-purse\/#primaryimage\",\"url\":\"https:\/\/agualusaartes.pt\/wp-content\/uploads\/2024\/06\/GT2BPT-9.jpg\",\"contentUrl\":\"https:\/\/agualusaartes.pt\/wp-content\/uploads\/2024\/06\/GT2BPT-9.jpg\",\"width\":540,\"height\":540},{\"@type\":\"BreadcrumbList\",\"@id\":\"https:\/\/agualusaartes.pt\/en\/product\/lisbon-purse\/#breadcrumb\",\"itemListElement\":[{\"@type\":\"ListItem\",\"position\":1,\"name\":\"In\u00edcio\",\"item\":\"https:\/\/agualusaartes.pt\/en\/\"},{\"@type\":\"ListItem\",\"position\":2,\"name\":\"Store\",\"item\":\"https:\/\/agualusaartes.pt\/en\/shop\/\"},{\"@type\":\"ListItem\",\"position\":3,\"name\":\"Lisbon Purse\"}]},{\"@type\":\"WebSite\",\"@id\":\"https:\/\/agualusaartes.pt\/en\/#website\",\"url\":\"https:\/\/agualusaartes.pt\/en\/\",\"name\":\"\u00c1gua Lusa - Artes de Alcoba\u00e7a\",\"description\":\"\u00c1gua Lusa \u2013 Artes de Alcoba\u00e7a oferece artesanato portugu\u00eas aut\u00eantico, incluindo bolsas, bijuterias e cer\u00e2micas Bordallo Pinheiro. Descubra a tradi\u00e7\u00e3o de Portugal com pe\u00e7as \u00fanicas e feitas \u00e0 m\u00e3o.\",\"publisher\":{\"@id\":\"https:\/\/agualusaartes.pt\/en\/#organization\"},\"alternateName\":\"\u00c1gua Lusa - Artes de Alcoba\u00e7a\",\"potentialAction\":[{\"@type\":\"SearchAction\",\"target\":{\"@type\":\"EntryPoint\",\"urlTemplate\":\"https:\/\/agualusaartes.pt\/en\/?s={search_term_string}\"},\"query-input\":{\"@type\":\"PropertyValueSpecification\",\"valueRequired\":true,\"valueName\":\"search_term_string\"}}],\"inLanguage\":\"en-US\"},{\"@type\":\"Organization\",\"@id\":\"https:\/\/agualusaartes.pt\/en\/#organization\",\"name\":\"\u00c1gua Lusa - Artes de Alcoba\u00e7a\",\"alternateName\":\"\u00c1gua Lusa - Artes de Alcoba\u00e7a\",\"url\":\"https:\/\/agualusaartes.pt\/en\/\",\"logo\":{\"@type\":\"ImageObject\",\"inLanguage\":\"en-US\",\"@id\":\"https:\/\/agualusaartes.pt\/en\/#\/schema\/logo\/image\/\",\"url\":\"https:\/\/agualusaartes.pt\/wp-content\/uploads\/2024\/05\/Webp.net-resizeimage.png\",\"contentUrl\":\"https:\/\/agualusaartes.pt\/wp-content\/uploads\/2024\/05\/Webp.net-resizeimage.png\",\"width\":300,\"height\":135,\"caption\":\"\u00c1gua Lusa - Artes de Alcoba\u00e7a\"},\"image\":{\"@id\":\"https:\/\/agualusaartes.pt\/en\/#\/schema\/logo\/image\/\"},\"sameAs\":[\"https:\/\/www.facebook.com\/agualusaartes\",\"https:\/\/www.instagram.com\/agualusaartes\/\"]}]}<\/script>\n<!-- \/ Yoast SEO plugin. -->","yoast_head_json":{"title":"Lisbon Purse - \u00c1gua Lusa - Artes de Alcoba\u00e7a","robots":{"index":"index","follow":"follow","max-snippet":"max-snippet:-1","max-image-preview":"max-image-preview:large","max-video-preview":"max-video-preview:-1"},"canonical":"https:\/\/agualusaartes.pt\/en\/product\/lisbon-purse\/","og_locale":"en_US","og_type":"article","og_title":"Lisbon Purse - \u00c1gua Lusa - Artes de Alcoba\u00e7a","og_description":"Handmade purse with images of Lisbon, the facades of houses, trams and monuments such as the Lisbon Cathedral and the Pantheon.","og_url":"https:\/\/agualusaartes.pt\/en\/product\/lisbon-purse\/","og_site_name":"\u00c1gua Lusa - Artes de Alcoba\u00e7a","article_publisher":"https:\/\/www.facebook.com\/agualusaartes","og_image":[{"width":540,"height":540,"url":"https:\/\/agualusaartes.pt\/wp-content\/uploads\/2024\/06\/GT2BPT-9.jpg","type":"image\/jpeg"}],"twitter_card":"summary_large_image","twitter_misc":{"Est. reading time":"1 minute"},"schema":{"@context":"https:\/\/schema.org","@graph":[{"@type":"WebPage","@id":"https:\/\/agualusaartes.pt\/en\/product\/lisbon-purse\/","url":"https:\/\/agualusaartes.pt\/en\/product\/lisbon-purse\/","name":"Lisbon Purse - \u00c1gua Lusa - Artes de Alcoba\u00e7a","isPartOf":{"@id":"https:\/\/agualusaartes.pt\/en\/#website"},"primaryImageOfPage":{"@id":"https:\/\/agualusaartes.pt\/en\/product\/lisbon-purse\/#primaryimage"},"image":{"@id":"https:\/\/agualusaartes.pt\/en\/product\/lisbon-purse\/#primaryimage"},"thumbnailUrl":"https:\/\/agualusaartes.pt\/wp-content\/uploads\/2024\/06\/GT2BPT-9.jpg","datePublished":"2024-06-14T22:45:37+00:00","breadcrumb":{"@id":"https:\/\/agualusaartes.pt\/en\/product\/lisbon-purse\/#breadcrumb"},"inLanguage":"en-US","potentialAction":[{"@type":"ReadAction","target":["https:\/\/agualusaartes.pt\/en\/product\/lisbon-purse\/"]}]},{"@type":"ImageObject","inLanguage":"en-US","@id":"https:\/\/agualusaartes.pt\/en\/product\/lisbon-purse\/#primaryimage","url":"https:\/\/agualusaartes.pt\/wp-content\/uploads\/2024\/06\/GT2BPT-9.jpg","contentUrl":"https:\/\/agualusaartes.pt\/wp-content\/uploads\/2024\/06\/GT2BPT-9.jpg","width":540,"height":540},{"@type":"BreadcrumbList","@id":"https:\/\/agualusaartes.pt\/en\/product\/lisbon-purse\/#breadcrumb","itemListElement":[{"@type":"ListItem","position":1,"name":"In\u00edcio","item":"https:\/\/agualusaartes.pt\/en\/"},{"@type":"ListItem","position":2,"name":"Store","item":"https:\/\/agualusaartes.pt\/en\/shop\/"},{"@type":"ListItem","position":3,"name":"Lisbon Purse"}]},{"@type":"WebSite","@id":"https:\/\/agualusaartes.pt\/en\/#website","url":"https:\/\/agualusaartes.pt\/en\/","name":"\u00c1gua Lusa - Artes de Alcoba\u00e7a","description":"\u00c1gua Lusa \u2013 Artes de Alcoba\u00e7a oferece artesanato portugu\u00eas aut\u00eantico, incluindo bolsas, bijuterias e cer\u00e2micas Bordallo Pinheiro. Descubra a tradi\u00e7\u00e3o de Portugal com pe\u00e7as \u00fanicas e feitas \u00e0 m\u00e3o.","publisher":{"@id":"https:\/\/agualusaartes.pt\/en\/#organization"},"alternateName":"\u00c1gua Lusa - Artes de Alcoba\u00e7a","potentialAction":[{"@type":"SearchAction","target":{"@type":"EntryPoint","urlTemplate":"https:\/\/agualusaartes.pt\/en\/?s={search_term_string}"},"query-input":{"@type":"PropertyValueSpecification","valueRequired":true,"valueName":"search_term_string"}}],"inLanguage":"en-US"},{"@type":"Organization","@id":"https:\/\/agualusaartes.pt\/en\/#organization","name":"\u00c1gua Lusa - Artes de Alcoba\u00e7a","alternateName":"\u00c1gua Lusa - Artes de Alcoba\u00e7a","url":"https:\/\/agualusaartes.pt\/en\/","logo":{"@type":"ImageObject","inLanguage":"en-US","@id":"https:\/\/agualusaartes.pt\/en\/#\/schema\/logo\/image\/","url":"https:\/\/agualusaartes.pt\/wp-content\/uploads\/2024\/05\/Webp.net-resizeimage.png","contentUrl":"https:\/\/agualusaartes.pt\/wp-content\/uploads\/2024\/05\/Webp.net-resizeimage.png","width":300,"height":135,"caption":"\u00c1gua Lusa - Artes de Alcoba\u00e7a"},"image":{"@id":"https:\/\/agualusaartes.pt\/en\/#\/schema\/logo\/image\/"},"sameAs":["https:\/\/www.facebook.com\/agualusaartes","https:\/\/www.instagram.com\/agualusaartes\/"]}]}},"_links":{"self":[{"href":"https:\/\/agualusaartes.pt\/en\/wp-json\/wp\/v2\/product\/74683","targetHints":{"allow":["GET"]}}],"collection":[{"href":"https:\/\/agualusaartes.pt\/en\/wp-json\/wp\/v2\/product"}],"about":[{"href":"https:\/\/agualusaartes.pt\/en\/wp-json\/wp\/v2\/types\/product"}],"wp:featuredmedia":[{"embeddable":true,"href":"https:\/\/agualusaartes.pt\/en\/wp-json\/wp\/v2\/media\/29846"}],"wp:attachment":[{"href":"https:\/\/agualusaartes.pt\/en\/wp-json\/wp\/v2\/media?parent=74683"}],"wp:term":[{"taxonomy":"product_brand","embeddable":true,"href":"https:\/\/agualusaartes.pt\/en\/wp-json\/wp\/v2\/product_brand?post=74683"},{"taxonomy":"product_cat","embeddable":true,"href":"https:\/\/agualusaartes.pt\/en\/wp-json\/wp\/v2\/product_cat?post=74683"},{"taxonomy":"product_tag","embeddable":true,"href":"https:\/\/agualusaartes.pt\/en\/wp-json\/wp\/v2\/product_tag?post=74683"}],"curies":[{"name":"wp","href":"https:\/\/api.w.org\/{rel}","templated":true}]}}